{"id":77,"date":"2017-10-07T00:10:39","date_gmt":"2017-10-06T22:10:39","guid":{"rendered":"http:\/\/lecercleduchocolat.org\/?page_id=77"},"modified":"2020-02-19T17:23:29","modified_gmt":"2020-02-19T16:23:29","slug":"le-chocolat","status":"publish","type":"page","link":"https:\/\/lecercleduchocolat.org\/index.php\/le-chocolat\/","title":{"rendered":"Le Chocolat"},"content":{"rendered":"<p><span style=\"color: #ffffff;\">.<\/span><\/p>\n<h5>Sur cette page, vous trouverez tout ce que vous avez toujours voulu savoir sur le chocolat &#8230;..<\/h5>\n<h5 style=\"text-align: right;\">&#8230;.. vous pouvez maintenant oser le demander en nous posant vos <a href=\"http:\/\/lecercleduchocolat.org\/index.php\/nous-contacter\/\">questions<\/a><\/h5>\n<p>&nbsp;<\/p>\n<table cellpadding=\"5\">\n<tbody>\n<tr>\n<td style=\"width: 450px; vertical-align: middle;\"><a href=\"http:\/\/lecercleduchocolat.org\/index.php\/le-chocolat\/les-tablettes-poussent-elles-sur-des-arbres\/\">Les tablettes poussent-elles sur des arbres ?<\/a><\/td>\n<td style=\"width: 450px; vertical-align: middle;\"><a href=\"http:\/\/lecercleduchocolat.org\/index.php\/le-chocolat\/le-chocolat-est-il-un-legume\/\">Le chocolat est-il un l\u00e9gume ?<\/a><\/td>\n<\/tr>\n<tr>\n<td style=\"width: 450px; vertical-align: middle;\"><a href=\"http:\/\/lecercleduchocolat.org\/index.php\/le-chocolat\/de-la-feve-a-votre-bouche\/\">De la f\u00e8ve \u00e0 votre bouche<\/a><\/td>\n<td style=\"width: 450px; vertical-align: middle;\"><a href=\"http:\/\/lecercleduchocolat.org\/index.php\/le-chocolat\/tout-le-monde-aime-le-chocolat\/\">Tout le monde aime le chocolat<\/a><\/td>\n<\/tr>\n<tr>\n<td style=\"width: 450px; vertical-align: middle;\"><a href=\"http:\/\/lecercleduchocolat.org\/index.php\/le-chocolat\/ou-est-ne-le-chocolat\/\">O\u00f9 est &#8220;n\u00e9&#8221; le chocolat ?<\/a><\/td>\n<td style=\"width: 450px; vertical-align: middle;\"><\/td>\n<\/tr>\n<tr>\n<td style=\"width: 450px; vertical-align: middle;\"><a href=\"http:\/\/lecercleduchocolat.org\/index.php\/le-chocolat\/le-chocolat-blanc-est-il-du-vrai-chocolat\/\">Le chocolat blanc est-il du vrai chocolat ?<\/a><\/td>\n<td style=\"width: 450px; vertical-align: middle;\"><\/td>\n<\/tr>\n<tr>\n<td style=\"width: 450px; vertical-align: middle;\"><a href=\"http:\/\/lecercleduchocolat.org\/index.php\/le-chocolat\/bean-to-bar-cest-quoi-ca\/\">Bean to Bar, c&#8217;est quoi \u00e7a ?<\/a><\/td>\n<td style=\"width: 450px; vertical-align: middle;\"><\/td>\n<\/tr>\n<\/tbody>\n<\/table>\n<p>&nbsp;<\/p>\n<p>&nbsp;<\/p>\n<p>&nbsp;<\/p>\n<p>&nbsp;<\/p>\n","protected":false},"excerpt":{"rendered":"<p>. Sur cette page, vous trouverez tout ce que vous avez toujours voulu savoir sur le chocolat &#8230;.. &#8230;.. vous pouvez maintenant oser le demander en nous posant vos questions &nbsp; Les tablettes poussent-elles sur des arbres ? Le chocolat est-il un l\u00e9gume ? De la f\u00e8ve \u00e0 votre bouche Tout le monde aime le [&hellip;]<\/p>\n","protected":false},"author":2,"featured_media":0,"parent":0,"menu_order":600,"comment_status":"closed","ping_status":"closed","template":"","meta":{"footnotes":""},"_links":{"self":[{"href":"https:\/\/lecercleduchocolat.org\/index.php\/wp-json\/wp\/v2\/pages\/77"}],"collection":[{"href":"https:\/\/lecercleduchocolat.org\/index.php\/wp-json\/wp\/v2\/pages"}],"about":[{"href":"https:\/\/lecercleduchocolat.org\/index.php\/wp-json\/wp\/v2\/types\/page"}],"author":[{"embeddable":true,"href":"https:\/\/lecercleduchocolat.org\/index.php\/wp-json\/wp\/v2\/users\/2"}],"replies":[{"embeddable":true,"href":"https:\/\/lecercleduchocolat.org\/index.php\/wp-json\/wp\/v2\/comments?post=77"}],"version-history":[{"count":4,"href":"https:\/\/lecercleduchocolat.org\/index.php\/wp-json\/wp\/v2\/pages\/77\/revisions"}],"predecessor-version":[{"id":1316,"href":"https:\/\/lecercleduchocolat.org\/index.php\/wp-json\/wp\/v2\/pages\/77\/revisions\/1316"}],"wp:attachment":[{"href":"https:\/\/lecercleduchocolat.org\/index.php\/wp-json\/wp\/v2\/media?parent=77"}],"curies":[{"name":"wp","href":"https:\/\/api.w.org\/{rel}","templated":true}]}}