{"id":692,"date":"2019-03-05T13:55:57","date_gmt":"2019-03-05T12:55:57","guid":{"rendered":"http:\/\/lecercleduchocolat.org\/?page_id=692"},"modified":"2019-03-14T13:59:41","modified_gmt":"2019-03-14T12:59:41","slug":"ou-est-ne-le-chocolat","status":"publish","type":"page","link":"https:\/\/lecercleduchocolat.org\/index.php\/le-chocolat\/ou-est-ne-le-chocolat\/","title":{"rendered":"O\u00f9 est &#8220;n\u00e9&#8221; le chocolat ?"},"content":{"rendered":"<p><span style=\"color: #ffffff;\">.<\/span><\/p>\n<h1 style=\"text-align: center;\">Histoire du chocolat<\/h1>\n<p><span style=\"color: #ffffff;\">.<\/span><\/p>\n<h4>10<sup>\u00e8me<\/sup> si\u00e8cle &#8211; Tolt\u00e8ques : la l\u00e9gende du Serpent \u00e0 Plumes<\/h4>\n<blockquote>\n<table cellpadding=\"5\">\n<tbody>\n<tr>\n<td>\n<p><div id=\"attachment_853\" style=\"width: 222px\" class=\"wp-caption aligncenter\"><img aria-describedby=\"caption-attachment-853\" decoding=\"async\" loading=\"lazy\" class=\"wp-image-853 size-medium\" src=\"http:\/\/lecercleduchocolat.org\/wp-content\/uploads\/2019\/03\/Quetzalc\u00f3atl-212x300.jpg\" alt=\"\" width=\"212\" height=\"300\" srcset=\"https:\/\/lecercleduchocolat.org\/wp-content\/uploads\/2019\/03\/Quetzalc\u00f3atl-212x300.jpg 212w, https:\/\/lecercleduchocolat.org\/wp-content\/uploads\/2019\/03\/Quetzalc\u00f3atl.jpg 280w\" sizes=\"(max-width: 212px) 100vw, 212px\" \/><p id=\"caption-attachment-853\" class=\"wp-caption-text\">Quetzalc\u00f3atl<\/p><\/div><\/td>\n<td>\n<ul>\n<li style=\"text-align: justify;\">Les terres mayas, prises par les Tolt\u00e8ques, sont gouvern\u00e9es par le roi et pr\u00eatre Quetzalc\u00f3atl. Il v\u00e9n\u00e8re le cacahuaquahuitl (cacaoyer).<\/li>\n<li style=\"text-align: justify;\">Souhaitant devenir dieu, il demande \u00e0 un sorcier de lui concocter un breuvage d&#8217;immortalit\u00e9 (cacao). Mais le breuvage est empoisonn\u00e9.<\/li>\n<li style=\"text-align: justify;\">\u00c0 l&#8217;agonie, Quetzalc\u00f3atl part sur un radeau, promettant de revenir une ann\u00e9e plac\u00e9e sous le signe du &#8220;roseau&#8221; (Ce-acalt).<\/li>\n<\/ul>\n<p>&nbsp;<\/p>\n<ul>\n<li style=\"text-align: justify;\">Les ann\u00e9es passent, les Tolt\u00e8ques vouent un culte \u00e0 Quetzalc\u00f3atl, devenu le &#8220;Serpent \u00e0 Plume&#8221;, font pousser l&#8217;arbre \u00e0 cacao, et reprennent tous les rituels qui y sont attach\u00e9s.<\/li>\n<\/ul>\n<\/td>\n<\/tr>\n<\/tbody>\n<\/table>\n<\/blockquote>\n<p><span style=\"color: #ffffff;\">.<\/span><\/p>\n<h4>14<sup>\u00e8me<\/sup> si\u00e8cle &#8211; Azt\u00e8ques : les f\u00e8ves rares<\/h4>\n<blockquote>\n<ul>\n<li style=\"text-align: justify;\">Les Tolt\u00e8ques vaincus, transmettent nombre de leurs traditions aux Azt\u00e8ques, dont la fa\u00e7on de faire na\u00eetre du &#8220;cacao de terre&#8221; : le xocoatl.<\/li>\n<li style=\"text-align: justify;\">Seuls les plus hauts dignitaires ont acc\u00e8s au breuvage, compos\u00e9 de p\u00e2te de cacao, d&#8217;eau et d&#8217;\u00e9pices tels que poivre, vanille, piment, cannelle, \u2026<\/li>\n<li style=\"text-align: justify;\">Relativement rares, les f\u00e8ves de cacao servent \u00e9galement de monnaie d&#8217;\u00e9change.<\/li>\n<\/ul>\n<\/blockquote>\n<p><span style=\"color: #ffffff;\">.<\/span><\/p>\n<h4>16<sup>\u00e8me<\/sup> si\u00e8cle &#8211; D\u00e9couverte de l&#8217;Am\u00e9rique&#8230; et du cacao<\/h4>\n<p>Hernan Cortes et Moctezuma II<\/p>\n<blockquote>\n<table cellpadding=\"5\">\n<tbody>\n<tr>\n<td colspan=\"2\">\n<ul>\n<li style=\"text-align: justify;\">1502 : \u00e0 son arriv\u00e9e sur l&#8217;\u00eele de Guanaja, les Azt\u00e8ques font offrande de f\u00e8ves de cacao \u00e0 Christophe Colomb. En signe de bienvenue, les Indiens lui proposent leur boisson sacr\u00e9e. Ec\u0153ur\u00e9 par la bouillie am\u00e8re et piquante, Christophe Colomb ne voit aucune utilit\u00e9 \u00e0 ramener le cacao en Espagne.<\/li>\n<\/ul>\n<\/td>\n<\/tr>\n<tr>\n<td>\n<p><div id=\"attachment_858\" style=\"width: 231px\" class=\"wp-caption alignnone\"><img aria-describedby=\"caption-attachment-858\" decoding=\"async\" loading=\"lazy\" class=\"wp-image-858 size-medium\" src=\"http:\/\/lecercleduchocolat.org\/wp-content\/uploads\/2019\/03\/Hernan-Cortes-Moctezuma-II-221x300.jpg\" alt=\"\" width=\"221\" height=\"300\" srcset=\"https:\/\/lecercleduchocolat.org\/wp-content\/uploads\/2019\/03\/Hernan-Cortes-Moctezuma-II-221x300.jpg 221w, https:\/\/lecercleduchocolat.org\/wp-content\/uploads\/2019\/03\/Hernan-Cortes-Moctezuma-II.jpg 340w\" sizes=\"(max-width: 221px) 100vw, 221px\" \/><p id=\"caption-attachment-858\" class=\"wp-caption-text\">Hernan Cortes et Moctezuma II<\/p><\/div><\/td>\n<td>\n<ul>\n<li style=\"text-align: justify;\">1519 : Hernan Cort\u00e9s d\u00e9barque sur la c\u00f4te de Tabasco.<\/li>\n<li style=\"text-align: justify;\">En cette ann\u00e9e du &#8220;roseau&#8221; les Azt\u00e8ques, le prennent imm\u00e9diatement pour le &#8220;Serpent \u00e0 Plume&#8221;, revenant d&#8217;o\u00f9 le soleil se l\u00e8ve, comme promis par la l\u00e9gende.<\/li>\n<li style=\"text-align: justify;\">Le roi Montezuma offre \u00e0 Cort\u00e9s, dieu vivant, une plantation de cacaoyer en tribut et lui sert du xocoatl, boisson des dignitaires.<\/li>\n<li style=\"text-align: justify;\">Cort\u00e9s per\u00e7oit la grande valeur du cacao. Il en d\u00e9veloppe la culture et am\u00e9liore la recette du xocoatl, en lui ajoutant du miel, puis, plus tard, du sucre, venu des champs de canne plant\u00e9s au Mexique.<\/li>\n<\/ul>\n<p>&nbsp;<\/p>\n<ul>\n<li style=\"text-align: justify;\">1527 : Hernan Cort\u00e9s rentre en Europe avec le cacao dans ses bagages.<\/li>\n<li style=\"text-align: justify;\">Peu \u00e0 peu, le chocolat s\u00e9duit l&#8217;Espagne.<\/li>\n<\/ul>\n<\/td>\n<\/tr>\n<\/tbody>\n<\/table>\n<\/blockquote>\n<p><span style=\"color: #ffffff;\">.<\/span><\/p>\n<h4>17<sup>\u00e8me<\/sup> si\u00e8cle &#8211; Le chocolat \u00e0 la conqu\u00eate de l&#8217;Europe<\/h4>\n<blockquote>\n<ul>\n<li style=\"text-align: justify;\">1585 : une premi\u00e8re cargaison de cacao arrive de Veracruz \u00e0 S\u00e9ville:\u00a0 le commerce du cacao d\u00e9bute. Pour se r\u00e9server la boisson, les nobles d\u00e9cident de mettre d&#8217;\u00e9normes taxes sur le cacao pour le laisser hors de port\u00e9e du peuple.<\/li>\n<li style=\"text-align: justify;\">1606 : Antonio Carletti introduit le cacao en Italie, \u00e0 son retour des Am\u00e9riques.<\/li>\n<li style=\"text-align: justify;\">1615 : Louis XIII \u00e9pouse Anne d&#8217;Autriche, infante d&#8217;Espagne, avec qui le chocolat fait son entr\u00e9e officielle en France.<\/li>\n<li style=\"text-align: justify;\">1624 : un th\u00e9ologien publie un \u00e9crit condamnant la consommation de chocolat dans les couvents, ce breuvage &#8220;\u00e9chauffant les esprits et les passions&#8221;.<\/li>\n<li style=\"text-align: justify;\">1655 : les Anglais prennent la Jama\u00efque aux Espagnols et commencent \u00e0 importer le cacao en Grande Bretagne.<\/li>\n<li style=\"text-align: justify;\">1656 : la France inaugure sa premi\u00e8re plantation de cacaoyer en Martinique.<\/li>\n<li style=\"text-align: justify;\">1660 : Louis XIV se marie avec Marie Th\u00e9r\u00e8se d&#8217;Autriche et permet au sieur David Chaillou de faire commerce d&#8217;une composition appel\u00e9e &#8220;chocolat&#8221;.<\/li>\n<li style=\"text-align: justify;\">1671 : Chaillou ouvre sa 1<sup>\u00e8re<\/sup> boutique \u00e0 Paris.<\/li>\n<li style=\"text-align: justify;\">1674 : les anglais inventent le chocolat solide. &#8220;At the Coffee Mill and Tobacco Roll&#8221;, une boutique londonienne, le commercialise en &#8220;boudins \u00e0 l&#8217;espagnole&#8221; et en pastilles.<\/li>\n<\/ul>\n<\/blockquote>\n<p><span style=\"color: #ffffff;\">.<\/span><\/p>\n<h4>18<sup>\u00e8me<\/sup> si\u00e8cle\u00a0 &#8211; Comme une tra\u00een\u00e9e de poudre&#8230; de cacao<\/h4>\n<blockquote>\n<ul>\n<li style=\"text-align: justify;\">1705 : un \u00e9dit autorise 150 limonadiers \u00e0 devenir &#8220;chocolatiers de la Reine&#8221; en France.<\/li>\n<li style=\"text-align: justify;\">1778 : les autrichiens cr\u00e9ent la premi\u00e8re recette d&#8217;un g\u00e2teau au chocolat : le Sacher Torte <img decoding=\"async\" loading=\"lazy\" class=\"alignnone wp-image-865\" src=\"http:\/\/lecercleduchocolat.org\/wp-content\/uploads\/2019\/03\/Sacher-Torte-1.png\" alt=\"\" width=\"287\" height=\"150\" \/><img decoding=\"async\" loading=\"lazy\" class=\"alignnone wp-image-863\" src=\"http:\/\/lecercleduchocolat.org\/wp-content\/uploads\/2019\/03\/Sacher-Torte-2.jpg\" alt=\"\" width=\"240\" height=\"150\" \/><\/li>\n<li style=\"text-align: justify;\">Partout en Europe, le chocolat est \u00e0 la mode.<\/li>\n<\/ul>\n<\/blockquote>\n<p><span style=\"color: #ffffff;\">.<\/span><\/p>\n<h4>19<sup>\u00e8me<\/sup> si\u00e8cle &#8211; A la cha\u00eene : l&#8217;industrialisation du chocolat<\/h4>\n<blockquote>\n<ul>\n<li style=\"text-align: justify;\">1820 : Antoine-Brutus Menier invente la tablette de chocolat <img decoding=\"async\" loading=\"lazy\" class=\"alignnone wp-image-869\" src=\"http:\/\/lecercleduchocolat.org\/wp-content\/uploads\/2019\/03\/Tablette-de-Chocolat.png\" alt=\"\" width=\"100\" height=\"64\" \/><\/li>\n<li style=\"text-align: justify;\">1828 : Coenraad Van Houten (Pays Bas) d\u00e9pose le brevet de la poudre de cacao <img decoding=\"async\" loading=\"lazy\" class=\"alignnone wp-image-870\" src=\"http:\/\/lecercleduchocolat.org\/wp-content\/uploads\/2019\/03\/Van-Houten-Cacao.png\" alt=\"\" width=\"82\" height=\"100\" \/>\u00a0(poudre obtenue en pressant la graisse des f\u00e8ves)<\/li>\n<li style=\"text-align: justify;\">1831 : Charles Am\u00e9d\u00e9e Kolher y ajoute des noisettes <img decoding=\"async\" loading=\"lazy\" class=\"alignnone wp-image-871\" src=\"http:\/\/lecercleduchocolat.org\/wp-content\/uploads\/2019\/03\/Noisettes.png\" alt=\"\" width=\"100\" height=\"84\" \/><\/li>\n<li style=\"text-align: justify;\">1866 : Fry met au point les tablettes \u00e0 croquer en Grande Bretagne.<\/li>\n<li style=\"text-align: justify;\">1875 : Daniel Peter et Nestl\u00e9 mettent au point le chocolat au lait et cr\u00e9ent le &#8220;Gala-Peter&#8221; <img decoding=\"async\" loading=\"lazy\" class=\"alignnone size-full wp-image-872\" src=\"http:\/\/lecercleduchocolat.org\/wp-content\/uploads\/2019\/03\/Gala-Peter.jpg\" alt=\"\" width=\"134\" height=\"71\" \/><\/li>\n<\/ul>\n<\/blockquote>\n<p><span style=\"color: #ffffff;\">.<\/span><\/p>\n<h4>20<sup>\u00e8me<\/sup> si\u00e8cle &#8211; le chocolat dans tous ses \u00e9tats<\/h4>\n<blockquote>\n<ul>\n<li style=\"text-align: justify;\">1901 : Philippe Suchard lance la tablette Milka <img decoding=\"async\" loading=\"lazy\" class=\"alignnone wp-image-875\" src=\"http:\/\/lecercleduchocolat.org\/wp-content\/uploads\/2019\/03\/Milka-1901-300x162.jpg\" alt=\"\" width=\"185\" height=\"100\" srcset=\"https:\/\/lecercleduchocolat.org\/wp-content\/uploads\/2019\/03\/Milka-1901-300x162.jpg 300w, https:\/\/lecercleduchocolat.org\/wp-content\/uploads\/2019\/03\/Milka-1901.jpg 448w\" sizes=\"(max-width: 185px) 100vw, 185px\" \/> <img decoding=\"async\" loading=\"lazy\" class=\"alignnone wp-image-876\" src=\"http:\/\/lecercleduchocolat.org\/wp-content\/uploads\/2019\/03\/Milka-2001-300x143.jpg\" alt=\"\" width=\"210\" height=\"100\" srcset=\"https:\/\/lecercleduchocolat.org\/wp-content\/uploads\/2019\/03\/Milka-2001-300x143.jpg 300w, https:\/\/lecercleduchocolat.org\/wp-content\/uploads\/2019\/03\/Milka-2001.jpg 448w\" sizes=\"(max-width: 210px) 100vw, 210px\" \/><\/li>\n<li style=\"text-align: justify;\">1912 : Jean Neuhaus (Belgique) invente la praline<img decoding=\"async\" loading=\"lazy\" class=\"alignnone size-full wp-image-878\" src=\"http:\/\/lecercleduchocolat.org\/wp-content\/uploads\/2019\/03\/Praline-1.png\" alt=\"\" width=\"80\" height=\"80\" \/> <img decoding=\"async\" loading=\"lazy\" class=\"alignnone size-medium wp-image-879\" src=\"http:\/\/lecercleduchocolat.org\/wp-content\/uploads\/2019\/03\/Praline-2.png\" alt=\"\" width=\"80\" height=\"80\" \/><\/li>\n<\/ul>\n<table cellpadding=\"5\">\n<tbody>\n<tr>\n<td style=\"width: 150px; text-align: right;\"><img decoding=\"async\" loading=\"lazy\" class=\"alignnone wp-image-881\" src=\"http:\/\/lecercleduchocolat.org\/wp-content\/uploads\/2019\/03\/Banania-bo\u00eete-m\u00e9tallique.png\" alt=\"\" width=\"79\" height=\"120\" \/><\/td>\n<td style=\"vertical-align: middle;\">\n<ul>\n<li>1914 : Pierre-Fran\u00e7ois Lardet (France) invente le Banania, boisson instantan\u00e9e, m\u00e9lange de cacao, sucre et farine de banane<\/li>\n<\/ul>\n<\/td>\n<\/tr>\n<\/tbody>\n<\/table>\n<table cellpadding=\"5\">\n<tbody>\n<tr>\n<td style=\"vertical-align: middle;\">\n<ul>\n<li>1915 : les Belges inventent le ballotin de carton<\/li>\n<\/ul>\n<\/td>\n<td style=\"width: 150px;\"><img decoding=\"async\" loading=\"lazy\" class=\"alignnone wp-image-883\" src=\"http:\/\/lecercleduchocolat.org\/wp-content\/uploads\/2019\/03\/Ballotin.png\" alt=\"\" width=\"173\" height=\"130\" \/><\/td>\n<\/tr>\n<\/tbody>\n<\/table>\n<ul>\n<li style=\"text-align: justify;\">1925 : l&#8217;am\u00e9ricain Forrest Mars invente la barre chocolat\u00e9e fourr\u00e9e <img decoding=\"async\" loading=\"lazy\" class=\"alignnone wp-image-884\" src=\"http:\/\/lecercleduchocolat.org\/wp-content\/uploads\/2019\/03\/Mars.png\" alt=\"\" width=\"212\" height=\"100\" \/><\/li>\n<\/ul>\n<table cellpadding=\"5\">\n<tbody>\n<tr>\n<td style=\"width: 150px; text-align: right;\"><img decoding=\"async\" loading=\"lazy\" class=\"alignnone wp-image-890\" src=\"http:\/\/lecercleduchocolat.org\/wp-content\/uploads\/2019\/03\/Nutella.png\" alt=\"\" width=\"100\" height=\"100\" srcset=\"https:\/\/lecercleduchocolat.org\/wp-content\/uploads\/2019\/03\/Nutella.png 225w, https:\/\/lecercleduchocolat.org\/wp-content\/uploads\/2019\/03\/Nutella-150x150.png 150w\" sizes=\"(max-width: 100px) 100vw, 100px\" \/><\/td>\n<td style=\"vertical-align: middle;\">\n<ul>\n<li>1949 : Pietro Ferrero met au point la recette du Nutella !<\/li>\n<\/ul>\n<\/td>\n<\/tr>\n<\/tbody>\n<\/table>\n<\/blockquote>\n<p>&nbsp;<\/p>\n","protected":false},"excerpt":{"rendered":"<p>. Histoire du chocolat . 10\u00e8me si\u00e8cle &#8211; Tolt\u00e8ques : la l\u00e9gende du Serpent \u00e0 Plumes Les terres mayas, prises par les Tolt\u00e8ques, sont gouvern\u00e9es par le roi et pr\u00eatre Quetzalc\u00f3atl. Il v\u00e9n\u00e8re le cacahuaquahuitl (cacaoyer). Souhaitant devenir dieu, il demande \u00e0 un sorcier de lui concocter un breuvage d&#8217;immortalit\u00e9 (cacao). Mais le breuvage est [&hellip;]<\/p>\n","protected":false},"author":2,"featured_media":0,"parent":77,"menu_order":520,"comment_status":"closed","ping_status":"closed","template":"","meta":{"footnotes":""},"_links":{"self":[{"href":"https:\/\/lecercleduchocolat.org\/index.php\/wp-json\/wp\/v2\/pages\/692"}],"collection":[{"href":"https:\/\/lecercleduchocolat.org\/index.php\/wp-json\/wp\/v2\/pages"}],"about":[{"href":"https:\/\/lecercleduchocolat.org\/index.php\/wp-json\/wp\/v2\/types\/page"}],"author":[{"embeddable":true,"href":"https:\/\/lecercleduchocolat.org\/index.php\/wp-json\/wp\/v2\/users\/2"}],"replies":[{"embeddable":true,"href":"https:\/\/lecercleduchocolat.org\/index.php\/wp-json\/wp\/v2\/comments?post=692"}],"version-history":[{"count":0,"href":"https:\/\/lecercleduchocolat.org\/index.php\/wp-json\/wp\/v2\/pages\/692\/revisions"}],"up":[{"embeddable":true,"href":"https:\/\/lecercleduchocolat.org\/index.php\/wp-json\/wp\/v2\/pages\/77"}],"wp:attachment":[{"href":"https:\/\/lecercleduchocolat.org\/index.php\/wp-json\/wp\/v2\/media?parent=692"}],"curies":[{"name":"wp","href":"https:\/\/api.w.org\/{rel}","templated":true}]}}