{"id":690,"date":"2019-03-19T13:41:41","date_gmt":"2019-03-19T12:41:41","guid":{"rendered":"http:\/\/lecercleduchocolat.org\/?page_id=690"},"modified":"2019-07-17T17:41:05","modified_gmt":"2019-07-17T15:41:05","slug":"les-tablettes-poussent-elles-sur-des-arbres","status":"publish","type":"page","link":"https:\/\/lecercleduchocolat.org\/index.php\/le-chocolat\/les-tablettes-poussent-elles-sur-des-arbres\/","title":{"rendered":"Les tablettes poussent-elles sur des arbres ?"},"content":{"rendered":"<p><span style=\"color: #ffffff;\">.<\/span><\/p>\n<p style=\"text-align: left;\">Non, les tablettes ne poussent pas sur les arbres !<\/p>\n<p style=\"text-align: center;\">Elles sont le r\u00e9sultat d&#8217;un long processus de plusieurs \u00e9tapes qui commence par le cacaoyer.<\/p>\n<p><span style=\"color: #ffffff;\">.<\/span><\/p>\n<h4>Un arbre\u00a0: le cacaoyer<\/h4>\n<table cellpadding=\"5\">\n<tbody>\n<tr>\n<td style=\"vertical-align: middle;\">\n<ul>\n<li style=\"text-align: justify;\">Le cacaoyer (<em>Theobroma cacao qui veut dire &#8220;Nourriture des dieux&#8221; en grec<sup id=\"cite_ref-10\" class=\"reference\"><\/sup><\/em>) est un arbre fragile et \u00e0 feuilles persistantes qui pousse dans les pays tropicaux.<\/li>\n<li style=\"text-align: justify;\">Il est d&#8217;environ 10 \u00e0 15 m\u00e8tres de hauteur \u00e0 maturit\u00e9, g\u00e9n\u00e9ralement taill\u00e9 \u00e0 6 ou 8 m\u00e8tres.<\/li>\n<li style=\"text-align: justify;\">Il fleurit \u00e0 partir de 3 ans et donne fleurs, fruits et feuilles tout au long de l&#8217;ann\u00e9e.<\/li>\n<li style=\"text-align: justify;\">Seulement une fleur sur 500 environ donne des fruits (la cabosse).<\/li>\n<li style=\"text-align: justify;\">Il atteint son plein rendement 6 \u00e0 7 ans apr\u00e8s plantation et vit jusqu&#8217;\u00e0 40 ans.<\/li>\n<li style=\"text-align: justify;\">Le cacaoyer se multiplie par semis.<\/li>\n<\/ul>\n<\/td>\n<td style=\"vertical-align: middle;\"><img decoding=\"async\" loading=\"lazy\" class=\"alignnone wp-image-901\" src=\"http:\/\/lecercleduchocolat.org\/wp-content\/uploads\/2019\/03\/Cacaoyer-1.jpg\" alt=\"\" width=\"188\" height=\"250\" \/><\/td>\n<td style=\"vertical-align: middle;\"><img decoding=\"async\" loading=\"lazy\" class=\"alignnone wp-image-902\" src=\"http:\/\/lecercleduchocolat.org\/wp-content\/uploads\/2019\/03\/Cacaoyer-2.jpg\" alt=\"\" width=\"157\" height=\"250\" \/><\/td>\n<\/tr>\n<\/tbody>\n<\/table>\n<p><span style=\"color: #ffffff;\">.<\/span><\/p>\n<h4>Un fruit : la cabosse<\/h4>\n<blockquote>\n<table style=\"height: 297px;\" cellpadding=\"5\">\n<tbody>\n<tr style=\"height: 149px;\">\n<td style=\"width: 648px; height: 297px;\" rowspan=\"2\">\n<ul>\n<li style=\"text-align: justify;\">Les cabosses, qui contiennent les graines de cacao, poussent directement sur le tronc et les branches. Il leur faut 4 mois pour m\u00fbrir.<\/li>\n<li style=\"text-align: justify;\">Chaque cabosse peut peser jusqu&#8217;\u00e0 400 gr pour 15 \u00e0 20 cm de long.<\/li>\n<li style=\"text-align: justify;\">Elles sont ouvertes avec une machette et\u00a0contiennent entre 25 et 75 graines appel\u00e9e\u00a0&#8220;f\u00e8ves de cacao&#8221; regroup\u00e9es en \u00e9pis.<\/li>\n<li style=\"text-align: justify;\">Chaque f\u00e8ve est entour\u00e9e d&#8217;une pulpe appel\u00e9e &#8220;mucilage&#8221; (blanc, aqueux et sucr\u00e9).<\/li>\n<li style=\"text-align: justify;\">Le cacaoyer produit de 500 gr \u00e0 2 kg de f\u00e8ves par an.<\/li>\n<li style=\"text-align: justify;\">La cueillette des cabosses est une op\u00e9ration tr\u00e8s d\u00e9licate, qui consiste \u00e0 cueillir le fruit sans l&#8217;endommager ni blesser l&#8217;arbre. Pour les fruits plac\u00e9s en hauteur, on utilise une lame courbe, fix\u00e9e au bout d&#8217;une perche.<\/li>\n<li style=\"text-align: justify;\">La r\u00e9colte a lieu deux fois par an : au printemps et \u00e0 l&#8217;automne.<\/li>\n<\/ul>\n<\/td>\n<td style=\"width: 123px; height: 149px;\">\n<h4><img decoding=\"async\" loading=\"lazy\" class=\"alignnone wp-image-910\" src=\"http:\/\/lecercleduchocolat.org\/wp-content\/uploads\/2019\/03\/Cabosse-2.png\" alt=\"\" width=\"123\" height=\"100\" \/><\/h4>\n<\/td>\n<td style=\"width: 97px; height: 149px;\">\n<h4><img decoding=\"async\" loading=\"lazy\" class=\"alignnone wp-image-915\" src=\"http:\/\/lecercleduchocolat.org\/wp-content\/uploads\/2019\/03\/Cabosse-5.png\" alt=\"\" width=\"97\" height=\"100\" \/><\/h4>\n<\/td>\n<\/tr>\n<tr style=\"height: 148px;\">\n<td style=\"width: 234px; height: 148px; text-align: center;\" colspan=\"2\">\n<h4><img decoding=\"async\" loading=\"lazy\" class=\"alignnone wp-image-912\" src=\"http:\/\/lecercleduchocolat.org\/wp-content\/uploads\/2019\/03\/Cabosse-6-300x177.png\" alt=\"\" width=\"169\" height=\"100\" srcset=\"https:\/\/lecercleduchocolat.org\/wp-content\/uploads\/2019\/03\/Cabosse-6-300x177.png 300w, https:\/\/lecercleduchocolat.org\/wp-content\/uploads\/2019\/03\/Cabosse-6.png 448w\" sizes=\"(max-width: 169px) 100vw, 169px\" \/><\/h4>\n<\/td>\n<\/tr>\n<\/tbody>\n<\/table>\n<\/blockquote>\n<p><span style=\"color: #ffffff;\">.<\/span><\/p>\n<h4>Il existe 3 vari\u00e9t\u00e9s de cacaoyers d&#8217;apr\u00e8s la classification de 1944<\/h4>\n<blockquote>\n<table cellpadding=\"5\">\n<tbody>\n<tr>\n<td style=\"width: 100px;\">\n<h5>Forastero<\/h5>\n<\/td>\n<td style=\"width: 800px;\">\n<ul>\n<li style=\"text-align: justify;\">Le Forastero est l&#8217;un des cacaoyers les plus cultiv\u00e9s.<\/li>\n<li style=\"text-align: justify;\">Il repr\u00e9sente 70 % de la production mondiale.<\/li>\n<li style=\"text-align: justify;\">Il est originaire d&#8217;Am\u00e9rique centrale et du Mexique.<\/li>\n<li style=\"text-align: justify;\">Il est cultiv\u00e9 en Afrique occidentale, Br\u00e9sil et \u00c9quateur.<\/li>\n<li style=\"text-align: justify;\">Ses cabosses sont jaunes pour devenir violet fonc\u00e9 \u00e0 maturit\u00e9.<\/li>\n<li style=\"text-align: justify;\">Elles sont de forme ronde \u00e0 la peau lisse avec des graines aplaties de couleur pourpre et au go\u00fbt amer.<\/li>\n<li style=\"text-align: justify;\">Il est robuste et r\u00e9siste bien aux maladies et\u00a0offre des rendements importants.<\/li>\n<li style=\"text-align: justify;\">Le Forastero donne un cacao au go\u00fbt typique fort, amer et acide.<\/li>\n<\/ul>\n<\/td>\n<\/tr>\n<tr>\n<td style=\"width: 100px;\">\n<h5>Criollo<\/h5>\n<\/td>\n<td style=\"width: 800px;\">\n<ul>\n<li style=\"text-align: justify;\">Le Criollo (terme d&#8217;ancien espagnol criollo signifiant cr\u00e9ole) est la plus rare et la plus recherch\u00e9e de toutes les vari\u00e9t\u00e9s de cacao.<\/li>\n<li style=\"text-align: justify;\">Il repr\u00e9sente 10 % de la production mondiale.<\/li>\n<li style=\"text-align: justify;\">Le Criollo \u00e9tait le cacao des Mayas.<\/li>\n<li style=\"text-align: justify;\">Il est originaire de l&#8217; Am\u00e9rique centrale et du sud, des Cara\u00efbes et du Sri Lanka.<\/li>\n<li style=\"text-align: justify;\">Il est cultiv\u00e9 au Venezuela, en \u00c9quateur, au Sri Lanka et en Indon\u00e9sie.<\/li>\n<li style=\"text-align: justify;\">Ses cabosses sont jaunes tirant sur le vert pour devenir rouge clair \u00e0 maturit\u00e9.<\/li>\n<li style=\"text-align: justify;\">Elles sont de forme longiligne et pointue \u00e0 la peau douce et rid\u00e9e comportant une dizaine de sillons profonds et nets avec des graines de couleur blanche \u00e0 violette.<\/li>\n<li style=\"text-align: justify;\">Le Criollo donne un cacao fin et aromatique.<\/li>\n<\/ul>\n<\/td>\n<\/tr>\n<tr>\n<td style=\"width: 100px;\">\n<h5>Trinitario<\/h5>\n<\/td>\n<td style=\"width: 800px;\">\n<ul>\n<li style=\"text-align: justify;\">C&#8217;est un hybride de Forastero et de Criollo.<\/li>\n<li style=\"text-align: justify;\">Il repr\u00e9sente 20 % de la production mondiale.<\/li>\n<li style=\"text-align: justify;\">Il est cultiv\u00e9 au Br\u00e9sil, au Mexique, au Cameroun, au Venezuela, aux \u00eeles Antilles, \u00e0 Tahiti et \u00e0 Madagascar.<\/li>\n<li style=\"text-align: justify;\">Ses cabosses sont de formes vari\u00e9es et ses graines sont assez grandes.<\/li>\n<li style=\"text-align: justify;\">Elles sont rouges pour devenir orange \u00e0 maturit\u00e9.<\/li>\n<li style=\"text-align: justify;\">Le Trinatario donne un cacao aromatique et puissant.<\/li>\n<\/ul>\n<\/td>\n<\/tr>\n<tr>\n<td style=\"width: 100px;\">\n<h5><\/h5>\n<\/td>\n<td style=\"width: 800px;\"><img decoding=\"async\" loading=\"lazy\" class=\"alignnone size-medium wp-image-963\" src=\"http:\/\/lecercleduchocolat.org\/wp-content\/uploads\/2019\/03\/Trois-cabosses-300x188.jpg\" alt=\"\" width=\"300\" height=\"188\" srcset=\"https:\/\/lecercleduchocolat.org\/wp-content\/uploads\/2019\/03\/Trois-cabosses-300x188.jpg 300w, https:\/\/lecercleduchocolat.org\/wp-content\/uploads\/2019\/03\/Trois-cabosses.jpg 448w\" sizes=\"(max-width: 300px) 100vw, 300px\" \/><\/td>\n<\/tr>\n<\/tbody>\n<\/table>\n<\/blockquote>\n<p><span style=\"color: #ffffff;\">.<\/span><\/p>\n<h4>Classification de 2008<\/h4>\n<blockquote>\n<p style=\"text-align: justify;\">En 2008, des chercheurs proposent une nouvelle classification bas\u00e9e sur des crit\u00e8res morpho-g\u00e9ographiques et g\u00e9nomiques. Dix groupes ont \u00e9t\u00e9 retenus et nomm\u00e9s en fonction de leur origine g\u00e9ographique ou du nom du cultivar traditionnel.<\/p>\n<p><span style=\"color: #ffffff;\">.<\/span><\/p>\n<p>Les dix groupes sont :<\/p>\n<ul>\n<li>Amelonado<\/li>\n<li>Criollo<\/li>\n<li>Nacional<\/li>\n<li>Contamana<\/li>\n<li>Curaray<\/li>\n<li>Cacao guiana<\/li>\n<li>Iquitos<\/li>\n<li>Mara\u00f1on<\/li>\n<li>Nanay<\/li>\n<li>Pur\u00fas<\/li>\n<\/ul>\n<\/blockquote>\n<p><span style=\"color: #ffffff;\">.<\/span><\/p>\n<p>Pour comprendre le processus qui m\u00e8nera \u00e0 la tablette, voir notre page &#8220;<a href=\"http:\/\/lecercleduchocolat.org\/index.php\/le-chocolat\/de-la-feve-a-votre-bouche\/\">De la f\u00e8ve \u00e0 votre bouche<\/a>&#8221;<\/p>\n<p><span style=\"color: #ffffff;\">.<\/span><\/p>\n<p style=\"text-align: right;\">Sources : Wikip\u00e9dia &#8211; www.tahitiheritage.pf &#8211; www.savicservices.com<\/p>\n","protected":false},"excerpt":{"rendered":"<p>. Non, les tablettes ne poussent pas sur les arbres ! Elles sont le r\u00e9sultat d&#8217;un long processus de plusieurs \u00e9tapes qui commence par le cacaoyer. . Un arbre\u00a0: le cacaoyer Le cacaoyer (Theobroma cacao qui veut dire &#8220;Nourriture des dieux&#8221; en grec) est un arbre fragile et \u00e0 feuilles persistantes qui pousse dans les [&hellip;]<\/p>\n","protected":false},"author":2,"featured_media":0,"parent":77,"menu_order":510,"comment_status":"closed","ping_status":"closed","template":"","meta":{"footnotes":""},"_links":{"self":[{"href":"https:\/\/lecercleduchocolat.org\/index.php\/wp-json\/wp\/v2\/pages\/690"}],"collection":[{"href":"https:\/\/lecercleduchocolat.org\/index.php\/wp-json\/wp\/v2\/pages"}],"about":[{"href":"https:\/\/lecercleduchocolat.org\/index.php\/wp-json\/wp\/v2\/types\/page"}],"author":[{"embeddable":true,"href":"https:\/\/lecercleduchocolat.org\/index.php\/wp-json\/wp\/v2\/users\/2"}],"replies":[{"embeddable":true,"href":"https:\/\/lecercleduchocolat.org\/index.php\/wp-json\/wp\/v2\/comments?post=690"}],"version-history":[{"count":0,"href":"https:\/\/lecercleduchocolat.org\/index.php\/wp-json\/wp\/v2\/pages\/690\/revisions"}],"up":[{"embeddable":true,"href":"https:\/\/lecercleduchocolat.org\/index.php\/wp-json\/wp\/v2\/pages\/77"}],"wp:attachment":[{"href":"https:\/\/lecercleduchocolat.org\/index.php\/wp-json\/wp\/v2\/media?parent=690"}],"curies":[{"name":"wp","href":"https:\/\/api.w.org\/{rel}","templated":true}]}}