{"id":55,"date":"2017-10-12T22:01:18","date_gmt":"2017-10-12T20:01:18","guid":{"rendered":"http:\/\/lecercleduchocolat.org\/?page_id=55"},"modified":"2017-10-23T23:47:00","modified_gmt":"2017-10-23T21:47:00","slug":"reglement-interieur","status":"publish","type":"page","link":"https:\/\/lecercleduchocolat.org\/index.php\/reglement-interieur\/","title":{"rendered":"R\u00e8glement Int\u00e9rieur"},"content":{"rendered":"<p style=\"text-align: right;\"><a href=\"http:\/\/lecercleduchocolat.org\/index.php\/nous-rejoindre\/\">Retour \u00e0 la page &#8220;Nous rejoindre&#8221;<\/a><\/p>\n<p style=\"text-align: right;\"><a href=\"http:\/\/lecercleduchocolat.org\/index.php\/statuts\/\">Statuts<\/a><\/p>\n<p><span style=\"color: #ffffff;\">.<\/span><\/p>\n<p>R\u00e8glement Int\u00e9rieur \u00e9tabli \u00e0 Paris par les Membres Fondateurs le 17 septembre 2017<\/p>\n<p><span style=\"color: #ffffff;\">.<\/span><\/p>\n<h2 style=\"text-align: center;\">Titre I : Pr\u00e9sentation de l&#8217;Association<\/h2>\n<h3>Article I.1 : Ethique de l\u2019Association<\/h3>\n<blockquote><p>Tout membre se doit de faire rayonner l\u2019Association.<\/p><\/blockquote>\n<p><span style=\"color: #ffffff;\">.<\/span><\/p>\n<h3>Article I.2 : Si\u00e8ge Social<\/h3>\n<blockquote><p>Le si\u00e8ge social est fix\u00e9 au 31 rue de Buzenval 75020 Paris<\/p><\/blockquote>\n<p><span style=\"color: #ffffff;\">.<\/span><\/p>\n<h2 style=\"text-align: center;\">Titre II : Composition de l&#8217;Association<\/h2>\n<h3>Article II.1 : Admission d&#8217;un membre<\/h3>\n<blockquote><p>Dans l&#8217;ann\u00e9e qui suit son admission, un membre devra participer \u00e0 la vie de l&#8217;Association : suggestion et contribution \u00e0 l&#8217;organisation d&#8217;un \u00e9v\u00e8nement, r\u00e9daction de comptes-rendus de d\u00e9gustation, etc &#8230;<\/p><\/blockquote>\n<p><span style=\"color: #ffffff;\">.<\/span><\/p>\n<h3>Article II.2 : Nombre de membres<\/h3>\n<blockquote><p>Le nombre de membres de l&#8217;Association est illimit\u00e9.<\/p>\n<p>Si n\u00e9cessaire, le Conseil d&#8217;Administration se r\u00e9serve toutefois le droit de mettre une limite.<\/p><\/blockquote>\n<p><span style=\"color: #ffffff;\">.<\/span><\/p>\n<h2 style=\"text-align: center;\">Titre III : Organisation et fonctionnement de l&#8217;Association<\/h2>\n<h3>Article III.1 : Composition du Bureau<\/h3>\n<blockquote><p>Le Bureau est compos\u00e9 de :<\/p>\n<ul>\n<li>Sylvie Desmoulins, Secr\u00e9taire G\u00e9n\u00e9rale Adjointe<\/li>\n<li>Marie-H\u00e9l\u00e8ne Gantois-Kammerer, Tr\u00e9sori\u00e8re<\/li>\n<li>Sabine Malet, Pr\u00e9sidente<\/li>\n<li>Marie-Christine Piedeloup, Secr\u00e9taire G\u00e9n\u00e9rale<\/li>\n<\/ul>\n<\/blockquote>\n<p><span style=\"color: #ffffff;\">.<\/span><\/p>\n<h3>Article III.2 : Composition du Conseil d&#8217;Administration<\/h3>\n<blockquote><p>Le Conseil d&#8217;Administration est compos\u00e9 de :<\/p>\n<ul>\n<li>Marie-H\u00e9l\u00e8ne Gantois-Kammerer, Tr\u00e9sori\u00e8re<\/li>\n<li>Sabine Malet, Pr\u00e9sidente<\/li>\n<li>Marie-Christine Piedeloup, Secr\u00e9taire G\u00e9n\u00e9rale<\/li>\n<\/ul>\n<\/blockquote>\n<p><span style=\"color: #ffffff;\">.<\/span><\/p>\n<h3>Article III.3 : R\u00e9unions de l&#8217;Assembl\u00e9e G\u00e9n\u00e9rale Ordinaire<\/h3>\n<blockquote><p>Lors des r\u00e9unions de l&#8217;Assembl\u00e9e G\u00e9n\u00e9rale Ordinaire, les d\u00e9cisions sont prises \u00e0 la majorit\u00e9 absolue des suffrages exprim\u00e9s par les membres pr\u00e9sents ou repr\u00e9sent\u00e9s.<\/p>\n<p>En cas de partage, la voix du pr\u00e9sident est pr\u00e9pond\u00e9rante.<\/p><\/blockquote>\n<p><span style=\"color: #ffffff;\">.<\/span><\/p>\n<h3>Article III.4 : R\u00e9unions de l&#8217;Assembl\u00e9e G\u00e9n\u00e9rale Extraordinaire<\/h3>\n<blockquote><p>Lors des r\u00e9unions de l&#8217;Assembl\u00e9e G\u00e9n\u00e9rale Extraordinaire, les d\u00e9cisions sont prises \u00e0 la majorit\u00e9 absolue des suffrages exprim\u00e9s par les membres pr\u00e9sents ou repr\u00e9sent\u00e9s.<\/p>\n<p>En cas de partage, la voix du pr\u00e9sident est pr\u00e9pond\u00e9rante.<\/p><\/blockquote>\n<p><span style=\"color: #ffffff;\">.<\/span><\/p>\n<h3>Article III.5 : R\u00e9unions du Conseil d&#8217;Administration<\/h3>\n<blockquote><p>Lors des r\u00e9unions du Conseil d&#8217;Administration, les d\u00e9cisions sont prises \u00e0 la majorit\u00e9 absolue des suffrages exprim\u00e9s par les membres pr\u00e9sents ou repr\u00e9sent\u00e9s.<\/p>\n<p>En cas de partage, la voix du pr\u00e9sident est pr\u00e9pond\u00e9rante.<\/p><\/blockquote>\n<p><span style=\"color: #ffffff;\">.<\/span><\/p>\n<h3>Article III.6 : Nombre de pouvoirs par personne<\/h3>\n<blockquote><p>Pour l&#8217;Assembl\u00e9e G\u00e9n\u00e9rale Ordinaire, le nombre de pouvoirs par personne est limit\u00e9 \u00e0 3.<\/p>\n<p>Pour l&#8217;Assembl\u00e9e G\u00e9n\u00e9rale Extraordinaire, le nombre de pouvoirs par personne est limit\u00e9 \u00e0 1.<\/p>\n<p>Pour la R\u00e9union du Conseil d&#8217;Administration, le nombre de pouvoirs par personne est limit\u00e9 \u00e0 2.<\/p><\/blockquote>\n<p><span style=\"color: #ffffff;\">.<\/span><\/p>\n<h3>Article III.7 : Ev\u00e8nements organis\u00e9s par l&#8217;Association<\/h3>\n<blockquote><p>Chaque membre doit r\u00e9pondre \u00e0 toutes les convocations, qu\u2019il veuille \u00eatre pr\u00e9sent ou non.<\/p>\n<p>En cas de r\u00e9ponse positive, il doit envoyer au si\u00e8ge de l&#8217;Association, le ch\u00e8que correspondant au montant de l&#8217;activit\u00e9.<\/p>\n<p>Trois convocations sans r\u00e9ponse d&#8217;un membre pr\u00e9sument qu\u2019il souhaite s\u2019exclure de l&#8217;Association. Ce cas sera trait\u00e9 comme une radiation.<\/p><\/blockquote>\n<p><span style=\"color: #ffffff;\">.<\/span><\/p>\n<h3>Article III.8 : Absence d&#8217;un membre<\/h3>\n<blockquote><p>En cas d&#8217;absence \u00e0 l&#8217;\u00e9v\u00e8nement organis\u00e9 par l&#8217;Association, malgr\u00e9 une r\u00e9ponse positive du membre, le paiement sera d\u00fb.<\/p><\/blockquote>\n<p><span style=\"color: #ffffff;\">.<\/span><\/p>\n<h2 style=\"text-align: center;\">Titre IV : Ressources de l&#8217;Association<\/h2>\n<h3>Article IV.1 : Remboursement des d\u00e9penses<\/h3>\n<blockquote><p>Pour \u00eatre rembours\u00e9e par l&#8217;Association, toute d\u00e9pense devra \u00eatre approuv\u00e9e \u00e0 l&#8217;avance et par \u00e9crit, par le Bureau sur la base d&#8217;un budget pr\u00e9visionnel.<\/p><\/blockquote>\n<p><span style=\"color: #ffffff;\">.<\/span><\/p>\n<h3>Article IV.2 : Cotisation<\/h3>\n<blockquote><p>Le montant de la cotisation est fix\u00e9 \u00e0 35\u20ac.<\/p>\n<p>Le Conseil d&#8217;Administration pourra r\u00e9viser ce montant avant chaque Assembl\u00e9e G\u00e9n\u00e9rale Ordinaire.<\/p><\/blockquote>\n<p><span style=\"color: #ffffff;\">.<\/span><\/p>\n<h3>Article IV.3 : Tarifs des \u00e9v\u00e9nements<\/h3>\n<blockquote><p>Le tarif de chaque \u00e9v\u00e8nement sera d\u00e9cid\u00e9 par le Bureau avant celui-ci et indiqu\u00e9 \u00e0 chaque personne voulant y assister.<\/p>\n<p>Pour chaque \u00e9v\u00e9nement, il pourra \u00eatre d\u00e9cid\u00e9 d&#8217;accueillir des personnes non membres appel\u00e9es &#8220;invit\u00e9s&#8221;. Le tarif de chaque \u00e9v\u00e8nement sera major\u00e9 pour les invit\u00e9s.<\/p><\/blockquote>\n","protected":false},"excerpt":{"rendered":"<p>Retour \u00e0 la page &#8220;Nous rejoindre&#8221; Statuts . R\u00e8glement Int\u00e9rieur \u00e9tabli \u00e0 Paris par les Membres Fondateurs le 17 septembre 2017 . Titre I : Pr\u00e9sentation de l&#8217;Association Article I.1 : Ethique de l\u2019Association Tout membre se doit de faire rayonner l\u2019Association. . Article I.2 : Si\u00e8ge Social Le si\u00e8ge social est fix\u00e9 au 31 [&hellip;]<\/p>\n","protected":false},"author":2,"featured_media":0,"parent":0,"menu_order":865,"comment_status":"closed","ping_status":"closed","template":"","meta":{"footnotes":""},"_links":{"self":[{"href":"https:\/\/lecercleduchocolat.org\/index.php\/wp-json\/wp\/v2\/pages\/55"}],"collection":[{"href":"https:\/\/lecercleduchocolat.org\/index.php\/wp-json\/wp\/v2\/pages"}],"about":[{"href":"https:\/\/lecercleduchocolat.org\/index.php\/wp-json\/wp\/v2\/types\/page"}],"author":[{"embeddable":true,"href":"https:\/\/lecercleduchocolat.org\/index.php\/wp-json\/wp\/v2\/users\/2"}],"replies":[{"embeddable":true,"href":"https:\/\/lecercleduchocolat.org\/index.php\/wp-json\/wp\/v2\/comments?post=55"}],"version-history":[{"count":0,"href":"https:\/\/lecercleduchocolat.org\/index.php\/wp-json\/wp\/v2\/pages\/55\/revisions"}],"wp:attachment":[{"href":"https:\/\/lecercleduchocolat.org\/index.php\/wp-json\/wp\/v2\/media?parent=55"}],"curies":[{"name":"wp","href":"https:\/\/api.w.org\/{rel}","templated":true}]}}