{"id":43,"date":"2017-10-12T22:01:11","date_gmt":"2017-10-12T20:01:11","guid":{"rendered":"http:\/\/lecercleduchocolat.org\/?page_id=43"},"modified":"2017-11-11T02:09:31","modified_gmt":"2017-11-11T01:09:31","slug":"statuts","status":"publish","type":"page","link":"https:\/\/lecercleduchocolat.org\/index.php\/statuts\/","title":{"rendered":"Statuts"},"content":{"rendered":"<p style=\"text-align: right;\"><a href=\"http:\/\/lecercleduchocolat.org\/index.php\/nous-rejoindre\/\">Retour \u00e0 la page &#8220;Nous rejoindre&#8221;<\/a><\/p>\n<p style=\"text-align: right;\"><a href=\"http:\/\/lecercleduchocolat.org\/index.php\/reglement-interieur\/\">R\u00e8glement Int\u00e9rieur<\/a><\/p>\n<p><span style=\"color: #ffffff;\">.<\/span><\/p>\n<p>Statuts de l\u2019Association \u00e9tablis \u00e0 Paris par les Membres Fondateurs le 17 septembre 2017<\/p>\n<p><span style=\"color: #ffffff;\">.<\/span><\/p>\n<h2 style=\"text-align: center;\">Titre I : Pr\u00e9sentation de l&#8217;Association<\/h2>\n<h3>Article 1 : Constitution et d\u00e9nomination<\/h3>\n<blockquote><p>Il est fond\u00e9 entre les adh\u00e9rents aux pr\u00e9sents Statuts, et qui rempliront les conditions ci-apr\u00e8s fix\u00e9es, une Association r\u00e9gie par la loi du 1<sup>er<\/sup> juillet 1901 et le d\u00e9cret du 16 ao\u00fbt 1901 ayant pour titre :<\/p>\n<h3 style=\"text-align: center;\">&#8220;Le Cercle du Chocolat&#8221;<\/h3>\n<\/blockquote>\n<p><span style=\"color: #ffffff;\">.<\/span><\/p>\n<h3>Article 2 : Objet<\/h3>\n<blockquote><p>L&#8217;Association a pour but de faire rayonner le Chocolat et ce qui s&#8217;y rattache dans tous les domaines de l&#8217;art et de la gastronomie.<\/p>\n<p>L&#8217;Association favorisera et encouragera la consommation de Chocolat de bonne qualit\u00e9 \u00e0 travers des r\u00e9unions de d\u00e9gustation ou d&#8217;information sur sa culture, son histoire et toutes ses traditions.<\/p><\/blockquote>\n<p><span style=\"color: #ffffff;\">.<\/span><\/p>\n<h3>Article 3 : Si\u00e8ge Social<\/h3>\n<blockquote><p>Le si\u00e8ge social est fix\u00e9 \u00e0 Paris.<\/p>\n<p>Il pourra \u00eatre transf\u00e9r\u00e9 par simple d\u00e9cision du Conseil d&#8217;Administration.<\/p><\/blockquote>\n<p><span style=\"color: #ffffff;\">.<\/span><\/p>\n<h3>Article 4 : Dur\u00e9e de l&#8217;Association<\/h3>\n<blockquote><p>La dur\u00e9e de l&#8217;Association est illimit\u00e9e.<\/p><\/blockquote>\n<p><span style=\"color: #ffffff;\">.<\/span><\/p>\n<h3>Article 5 : Propri\u00e9t\u00e9 intellectuelle<\/h3>\n<blockquote><p>Aucun membre ne peut se servir du nom, de l&#8217;identit\u00e9 visuelle (logo, charte graphique, etc.) de l&#8217;Association pour des utilisations personnelles, professionnelles ou commerciales sans un accord \u00e9crit des membres fondateurs faisant partie de l&#8217;Association.<\/p><\/blockquote>\n<p><span style=\"color: #ffffff;\">.<\/span><\/p>\n<h2 style=\"text-align: center;\">Titre II : Composition de l&#8217;Association<\/h2>\n<h3>Article 6 : Membres de l&#8217;Association<\/h3>\n<blockquote>\n<ul>\n<li>Membre actif<\/li>\n<\/ul>\n<p style=\"padding-left: 60px;\">Il paye sa cotisation.<\/p>\n<p style=\"padding-left: 60px;\">Il a droit de vote \u00e0 l&#8217;Assembl\u00e9e G\u00e9n\u00e9rale Ordinaire.<\/p>\n<p><span style=\"color: #ffffff;\">.<\/span><\/p>\n<ul>\n<li>Membre d&#8217;honneur<\/li>\n<\/ul>\n<p style=\"padding-left: 60px;\">Il ne paye pas sa cotisation.<\/p>\n<p style=\"padding-left: 60px;\">Il n&#8217;a pas droit de vote \u00e0 l&#8217;Assembl\u00e9e G\u00e9n\u00e9rale Ordinaire.<\/p>\n<\/blockquote>\n<p><span style=\"color: #ffffff;\">.<\/span><\/p>\n<h3>Article 7 : Admission<\/h3>\n<blockquote>\n<h5>Membre actif<\/h5>\n<p style=\"padding-left: 30px;\">Pour pouvoir postuler, le candidat doit \u00eatre majeur.<\/p>\n<ul>\n<li style=\"padding-left: 30px;\">Le candidat doit adresser \u00e0 l&#8217;Association une lettre de motivation.<\/li>\n<li style=\"padding-left: 30px;\">Apr\u00e8s r\u00e9ception de la lettre de motivation, le candidat sera re\u00e7u pour un entretien par une repr\u00e9sentation du Bureau.<\/li>\n<li style=\"padding-left: 30px;\">Dans un d\u00e9lai de six mois, il devra assister \u00e0 trois \u00e9v\u00e9nements organis\u00e9s par l&#8217;Association en payant l&#8217;\u00e9v\u00e9nement au tarif visiteur. Exceptionnellement, le Conseil d&#8217;Administration peut d\u00e9cider de prolonger ce d\u00e9lai.<\/li>\n<\/ul>\n<p style=\"padding-left: 30px;\">A l&#8217;issue de chacune de ces \u00e9tapes, le Conseil d&#8217;Administration pourra faire part au candidat de son acceptation ou de son refus sans avoir \u00e0 motiver son avis.<\/p>\n<p style=\"padding-left: 30px;\">Lorsque le candidat sera accept\u00e9 comme membre actif, il devra adh\u00e9rer aux pr\u00e9sents Statuts, ainsi qu&#8217;au R\u00e8glement Int\u00e9rieur, et payer sa cotisation.<\/p>\n<p style=\"padding-left: 30px;\">Certains membres actifs pourront \u00eatre nomm\u00e9s sur proposition et acceptation du Bureau ou du Conseil d&#8217;Administration sans passer par ces \u00e9tapes.<\/p>\n<p><span style=\"color: #ffffff;\">.<\/span><\/p>\n<h5>Membre d&#8217;honneur<\/h5>\n<p style=\"padding-left: 30px;\">Il est nomm\u00e9 sur proposition du Bureau ou du Conseil d&#8217;Administration et acceptation du Conseil d&#8217;Administration.<\/p>\n<p><span style=\"color: #ffffff;\">.<\/span><\/p>\n<h5>Membre fondateur<\/h5>\n<p style=\"padding-left: 30px;\">Il paye sa cotisation.<\/p>\n<p style=\"padding-left: 30px;\">Il a droit de vote \u00e0 l&#8217;Assembl\u00e9e G\u00e9n\u00e9rale Ordinaire.<\/p>\n<p><span style=\"color: #ffffff;\">.<\/span><\/p>\n<p style=\"padding-left: 30px;\">Les membres fondateurs sont :<\/p>\n<ul>\n<li style=\"padding-left: 30px;\">Marie-H\u00e9l\u00e8ne Gantois-Kammerer<\/li>\n<li style=\"padding-left: 30px;\">Sabine Malet<\/li>\n<li style=\"padding-left: 30px;\">Marie-Christine Piedeloup<\/li>\n<\/ul>\n<\/blockquote>\n<p><span style=\"color: #ffffff;\">.<\/span><\/p>\n<h3>Article 8 : Perte de la qualit\u00e9 de membre<\/h3>\n<blockquote><p>La qualit\u00e9 de membre se perd par :<\/p>\n<ul>\n<li>d\u00e9mission<\/li>\n<li>d\u00e9c\u00e8s de la personne physique<\/li>\n<li>non paiement de la cotisation<\/li>\n<li>non respect des pr\u00e9sents Statuts<\/li>\n<li>non respect du R\u00e8glement Int\u00e9rieur<\/li>\n<li>comportement contraire \u00e0 l&#8217;\u00e9thique de l&#8217;Association<\/li>\n<li>radiation prononc\u00e9e par le Conseil d&#8217;Administration pour d\u00e9saccord avec lui.<\/li>\n<\/ul>\n<p><span style=\"color: #ffffff;\">.<\/span><\/p>\n<h5 style=\"padding-left: 30px;\">D\u00e9mission<\/h5>\n<p style=\"padding-left: 60px;\">Un membre voulant d\u00e9missionner doit en informer le Conseil d&#8217;Administration par \u00e9crit.<\/p>\n<p style=\"padding-left: 60px;\">Si la d\u00e9mission a lieu jusqu&#8217;au 30 juin de l&#8217;ann\u00e9e en cours, la cotisation sera rembours\u00e9e au membre ayant d\u00e9missionn\u00e9.<\/p>\n<p style=\"padding-left: 60px;\">Si la d\u00e9mission a lieu apr\u00e8s le 30 juin de l&#8217;ann\u00e9e en cours, la cotisation reste acquise \u00e0 l&#8217;Association.<\/p>\n<p style=\"padding-left: 60px;\">Si un membre d\u00e9missionne peu de temps avant cette date limite du 30 juin, il devra alors en avertir le Conseil d&#8217;Administration par lettre recommand\u00e9e avec Accus\u00e9 de R\u00e9ception. Pour \u00e9viter tout litige, c&#8217;est le cachet de La Poste qui fera foi pour la date de d\u00e9mission et pour le remboursement de la cotisation.<\/p>\n<p><span style=\"color: #ffffff;\">.<\/span><\/p>\n<h5 style=\"padding-left: 30px;\">D\u00e9c\u00e8s<\/h5>\n<p style=\"padding-left: 60px;\">En cas de d\u00e9c\u00e8s d&#8217;un membre, les h\u00e9ritiers et ayants droits n&#8217;acqui\u00e8rent pas la qualit\u00e9 de membre de l&#8217;Association.<\/p>\n<p style=\"padding-left: 60px;\">En cas de d\u00e9c\u00e8s d&#8217;un membre, la cotisation reste acquise \u00e0 l&#8217;Association.<\/p>\n<p><span style=\"color: #ffffff;\">.<\/span><\/p>\n<h5 style=\"padding-left: 30px;\">Radiation<\/h5>\n<p style=\"padding-left: 60px;\">La radiation prononc\u00e9e par le Conseil d&#8217;Administration est irr\u00e9vocable. L&#8217;int\u00e9ress\u00e9 en est averti par lettre recommand\u00e9e avec Accus\u00e9 de R\u00e9ception.<\/p>\n<p style=\"padding-left: 60px;\">Si la radiation a lieu jusqu&#8217;au 30 juin de l&#8217;ann\u00e9e en cours, la cotisation sera rembours\u00e9e au membre radi\u00e9.<\/p>\n<p style=\"padding-left: 60px;\">Si la radiation a lieu apr\u00e8s le 30 juin de l&#8217;ann\u00e9e en cours, la cotisation reste acquise \u00e0 l&#8217;Association.<\/p>\n<p><span style=\"color: #ffffff;\">.<\/span><\/p>\n<h5 style=\"padding-left: 30px;\">Radiation d&#8217;un membre fondateur<\/h5>\n<p style=\"padding-left: 60px;\">La radiation d&#8217;un membre fondateur ne peut se faire que par un vote \u00e0 la majorit\u00e9 des autres membres fondateurs pr\u00e9sents dans l&#8217;Association.<\/p>\n<\/blockquote>\n<p><span style=\"color: #ffffff;\">.<\/span><\/p>\n<h3>Article 9 : Responsabilit\u00e9s des membres<\/h3>\n<blockquote><p>En mati\u00e8re de gestion, la responsabilit\u00e9 incombe, sous r\u00e9serve d&#8217;appr\u00e9ciation souveraine des tribunaux, aux membres du Conseil d&#8217;Administration et aux membres du Bureau.<\/p><\/blockquote>\n<p><span style=\"color: #ffffff;\">.<\/span><\/p>\n<h2 style=\"text-align: center;\">Titre III : Organisation et fonctionnement de l&#8217;Association<\/h2>\n<h3>Article 10 : Composition du Conseil d&#8217;Administration<\/h3>\n<blockquote><p>L&#8217;Association est administr\u00e9e par un Conseil d&#8217;Administration compos\u00e9 :<\/p>\n<ul>\n<li>des membres fondateurs<\/li>\n<li>de membres, faisant partie de l&#8217;Association, nomm\u00e9s par le Conseil d&#8217;Administration pour une dur\u00e9e de 3 ans.<\/li>\n<\/ul>\n<p>Les membres sortants du Conseil d&#8217;Administration peuvent \u00eatre renomm\u00e9s.<\/p>\n<p>En cas de poste vacant, le Conseil d&#8217;Administration pourvoit provisoirement au remplacement du poste vacant. Il est proc\u00e9d\u00e9 au remplacement d\u00e9finitif \u00e0 la date \u00e0 laquelle devrait normalement expirer le mandat du membre \u00e0 remplacer.<\/p><\/blockquote>\n<p><span style=\"color: #ffffff;\">.<\/span><\/p>\n<h3>Article 11 : R\u00f4le du Conseil d&#8217;Administration<\/h3>\n<p>Le Conseil d&#8217;Administration est charg\u00e9 :<\/p>\n<blockquote>\n<ul>\n<li>de la pr\u00e9paration de l&#8217;Ordre du Jour :<\/li>\n<\/ul>\n<p style=\"padding-left: 60px;\">.\u00a0de l&#8217;Assembl\u00e9e G\u00e9n\u00e9rale Extraordinaire<\/p>\n<p style=\"padding-left: 60px;\">.\u00a0des R\u00e9unions du Conseil d&#8217;Administration<\/p>\n<ul>\n<li>de la pr\u00e9paration des propositions de modifications :<\/li>\n<\/ul>\n<p style=\"padding-left: 60px;\">. des Statuts pr\u00e9sent\u00e9s lors d&#8217;une R\u00e9union du Conseil d&#8217;Administration<\/p>\n<p style=\"padding-left: 60px;\">. du R\u00e8glement Int\u00e9rieur pr\u00e9sent\u00e9 lors d&#8217;une R\u00e9union du Conseil d&#8217;Administration<\/p>\n<ul>\n<li>de la cr\u00e9ation de nouveaux postes du Bureau et d&#8217;en nommer les membres. La cr\u00e9ation d&#8217;un nouveau poste et son attribution seront soumis \u00e0 un vote du Conseil d&#8217;Administration. Les nouveaux postes pourront \u00eatre temporaires ou d\u00e9finitifs.<\/li>\n<\/ul>\n<\/blockquote>\n<p>.<\/p>\n<h3>Article 12 : R\u00e9unions et d\u00e9lib\u00e9rations du Conseil d&#8217;Administration<\/h3>\n<blockquote><p>Le Conseil d&#8217;Administration se r\u00e9unit au moins une fois tous les 6 mois sur convocation du pr\u00e9sident ou \u00e0 la demande du tiers de ses membres.<\/p>\n<p>Le Conseil d&#8217;Administration ne peut valablement d\u00e9lib\u00e9rer que si la moiti\u00e9 de ses membres sont pr\u00e9sents ou repr\u00e9sent\u00e9s.<\/p>\n<p>Les r\u00e9unions sont pr\u00e9sid\u00e9es par le pr\u00e9sident ou par son repr\u00e9sentant.<\/p>\n<p>Les d\u00e9cisions sont prises \u00e0 la majorit\u00e9 absolue des suffrages exprim\u00e9s par les membres pr\u00e9sents ou repr\u00e9sent\u00e9s.<\/p>\n<p>En cas de partage, la voix du pr\u00e9sident est pr\u00e9pond\u00e9rante.<\/p><\/blockquote>\n<p>.<\/p>\n<h3>Article 13 : Pouvoir du Conseil d&#8217;Administration<\/h3>\n<blockquote><p>Le Conseil d&#8217;Administration est investi des pouvoirs les plus \u00e9tendus dans les limites de l&#8217;objet de l&#8217;Association et dans le cadre des r\u00e9solutions adopt\u00e9es par l&#8217;Assembl\u00e9e G\u00e9n\u00e9rale. Il peut autoriser tous actes ou op\u00e9rations qui ne sont pas statutairement de la comp\u00e9tence de l&#8217;Assembl\u00e9e G\u00e9n\u00e9rale Ordinaire ou de la R\u00e9union du Conseil d&#8217;Administration.<\/p>\n<p>Le Conseil d&#8217;Administration autorise le Pr\u00e9sident \u00e0 ester en justice par vote \u00e0 la majorit\u00e9 des deux tiers des membres composants le Conseil d&#8217;Administration.<\/p>\n<p>Le Conseil d&#8217;Administration peut d\u00e9l\u00e9guer tel ou tel de ses pouvoirs, pour une dur\u00e9e d\u00e9termin\u00e9e, \u00e0 un ou plusieurs de ses membres, en conformit\u00e9 avec le R\u00e8glement Int\u00e9rieur.<\/p><\/blockquote>\n<p><span style=\"color: #ffffff;\">.<\/span><\/p>\n<h3>Article 14 : Composition du Bureau<\/h3>\n<blockquote><p>Le Conseil d&#8217;Administration \u00e9lit parmi ses membres un Bureau qui est compos\u00e9 au minimum :<\/p>\n<ul>\n<li>d&#8217;un pr\u00e9sident<\/li>\n<li>d&#8217;un secr\u00e9taire g\u00e9n\u00e9ral<\/li>\n<li>d&#8217;un tr\u00e9sorier<\/li>\n<\/ul>\n<p>Le Bureau est nomm\u00e9 pour 3 ans.<\/p>\n<p>Les membres sortants du Bureau peuvent \u00eatre renomm\u00e9s.<\/p>\n<p>Le Conseil d&#8217;Administration peut dissoudre le Bureau lors d&#8217;une R\u00e9union du Conseil d&#8217;Administration.<\/p><\/blockquote>\n<p><span style=\"color: #ffffff;\">.<\/span><\/p>\n<h3>Article 15 : R\u00f4le du Bureau<\/h3>\n<blockquote><p>Le Bureau est charg\u00e9 :<\/p>\n<ul>\n<li>de la mise en \u0153uvre des orientations d\u00e9cid\u00e9es par :<\/li>\n<\/ul>\n<p style=\"padding-left: 60px;\">.\u00a0l&#8217;Assembl\u00e9e G\u00e9n\u00e9rale Ordinaire<\/p>\n<p style=\"padding-left: 60px;\">. l&#8217;Assembl\u00e9e G\u00e9n\u00e9rale Extraordinaire<\/p>\n<ul>\n<li>de la pr\u00e9paration des bilans et de l&#8217;Ordre du Jour de l&#8217;Assembl\u00e9e G\u00e9n\u00e9rale Ordinaire<\/li>\n<li>de la pr\u00e9paration et de l&#8217;envoi des convocations aux R\u00e9unions du Conseil d&#8217;Administration et aux Assembl\u00e9es G\u00e9n\u00e9rales Ordinaire ou Extraordinaire<\/li>\n<\/ul>\n<\/blockquote>\n<p><span style=\"color: #ffffff;\">.<\/span><\/p>\n<h3>Article 16 : Assembl\u00e9e G\u00e9n\u00e9rale Ordinaire<\/h3>\n<blockquote><p>L&#8217;Assembl\u00e9e G\u00e9n\u00e9rale Ordinaire se r\u00e9unit au moins une fois par an et comprend tous les membres de l&#8217;Association \u00e0 jour de leur cotisation.<\/p>\n<p>Quinze jours au moins avant la date fix\u00e9e, les membres de l&#8217;Association sont convoqu\u00e9s par \u00e9crit et l&#8217;Ordre du Jour est inscrit sur les convocations.<\/p>\n<p>L&#8217;Assembl\u00e9e G\u00e9n\u00e9rale Ordinaire, apr\u00e8s avoir d\u00e9lib\u00e9r\u00e9, se prononce sur le rapport d&#8217;activit\u00e9s et sur les comptes de l&#8217;exercice financier.<\/p>\n<p>L&#8217;Assembl\u00e9e G\u00e9n\u00e9rale Ordinaire est pr\u00e9sid\u00e9e par le pr\u00e9sident du Bureau ou par son repr\u00e9sentant.<\/p><\/blockquote>\n<p><span style=\"color: #ffffff;\">.<\/span><\/p>\n<h3>Article 17 : Assembl\u00e9e G\u00e9n\u00e9rale Extraordinaire<\/h3>\n<blockquote><p>L&#8217;Assembl\u00e9e G\u00e9n\u00e9rale Extraordinaire se r\u00e9unit \u00e0 la demande :<\/p>\n<ul>\n<li>d&#8217;un des membres fondateurs ou<\/li>\n<li>du pr\u00e9sident ou<\/li>\n<li>du tr\u00e9sorier ou<\/li>\n<li>du tiers des membres.<\/li>\n<\/ul>\n<p>L&#8217;Assembl\u00e9e G\u00e9n\u00e9rale Extraordinaire d\u00e9lib\u00e8re valablement quel que soit le nombre des membres pr\u00e9sents ou repr\u00e9sent\u00e9s.<\/p>\n<p>Les d\u00e9cisions sont prises \u00e0 la majorit\u00e9 des suffrages exprim\u00e9s par les membres pr\u00e9sents ou repr\u00e9sent\u00e9s.<\/p><\/blockquote>\n<p><span style=\"color: #ffffff;\">.<\/span><\/p>\n<h3>Article 18 : R\u00e9union du Conseil d&#8217;Administration<\/h3>\n<blockquote><p>La R\u00e9union du Conseil d&#8217;Administration se prononce sur les modifications \u00e0 apporter aux Statuts. Elle se r\u00e9unit \u00e0 la demande :<\/p>\n<ul>\n<li>d&#8217;un des membres fondateurs ou<\/li>\n<li>du pr\u00e9sident ou<\/li>\n<li>du tr\u00e9sorier ou<\/li>\n<li>du tiers des membres du Conseil d&#8217;Administration.<\/li>\n<\/ul>\n<p>La R\u00e9union du Conseil d&#8217;Administration ne peut se prononcer valablement que si les deux tiers de ses membres sont pr\u00e9sents ou repr\u00e9sent\u00e9s. Si ce quorum n&#8217;est pas atteint, la R\u00e9union du Conseil d&#8217;Administration est convoqu\u00e9e \u00e0 nouveau \u00e0 quinze jours au moins d&#8217;intervalle. Elle d\u00e9lib\u00e8re alors valablement quel que soit le nombre des membres pr\u00e9sents ou repr\u00e9sent\u00e9s.<\/p>\n<p>Les d\u00e9cisions sont prises \u00e0 la majorit\u00e9 des suffrages exprim\u00e9s par les membres pr\u00e9sents ou repr\u00e9sent\u00e9s.<\/p><\/blockquote>\n<p><span style=\"color: #ffffff;\">.<\/span><\/p>\n<h3>Article 19 : Dissolution de l&#8217;Association<\/h3>\n<blockquote><p>La dissolution de l&#8217;Association ne peut \u00eatre d\u00e9cid\u00e9e que par un vote majoritaire des membres fondateurs pr\u00e9sents dans l&#8217;Association qui convoque une Assembl\u00e9e G\u00e9n\u00e9rale Extraordinaire.<\/p>\n<p>En cas de dissolution, une R\u00e9union du Conseil d&#8217;Administration d\u00e9signe un ou plusieurs liquidateurs qui seront charg\u00e9s de la liquidation des biens de l&#8217;Association et dont elle d\u00e9termine les pouvoirs.<\/p>\n<p>Les membres de l&#8217;Association ne peuvent se voir attribuer une part quelconque des biens de l&#8217;Association.<\/p>\n<p>L&#8217;actif net subsistant sera attribu\u00e9 \u00e0 une ou plusieurs associations poursuivant des buts similaires et qui seront d\u00e9sign\u00e9es par la R\u00e9union du Conseil d&#8217;Administration.<\/p>\n<p>En cas de d\u00e9saccord sur le choix des associations b\u00e9n\u00e9ficiaires, l&#8217;actif net sera attribu\u00e9 \u00e0 la Fondation de France.<\/p><\/blockquote>\n<p><span style=\"color: #ffffff;\">.<\/span><\/p>\n<h3>Article 20 : R\u00e8glement Int\u00e9rieur<\/h3>\n<blockquote><p>Le Conseil d&#8217;Administration \u00e9tablit et modifie le R\u00e8glement Int\u00e9rieur.<br \/>\nCelui-ci est adopt\u00e9 par un vote \u00e0 la majorit\u00e9 du Conseil d&#8217;Administration.<\/p>\n<p>Son \u00e9tablissement comme ses modifications \u00e9ventuelles seront port\u00e9s \u00e0 la connaissance de l&#8217;Assembl\u00e9e G\u00e9n\u00e9rale Ordinaire pour information de celle-ci.<\/p><\/blockquote>\n<p><span style=\"color: #ffffff;\">.<\/span><\/p>\n<h2 style=\"text-align: center;\">Titre IV : Ressources de l&#8217;Association<\/h2>\n<h3>Article 21 : Les ressources de l&#8217;Association<\/h3>\n<blockquote><p>Les ressources de l&#8217;Association se composent :<\/p>\n<ul>\n<li>du montant des cotisations<\/li>\n<li>des subventions de l&#8217;Etat, des Collectivit\u00e9s Territoriales et des Etablissements Publics<\/li>\n<li>du produit des manifestations qu&#8217;elle organise<\/li>\n<li>des int\u00e9r\u00eats et redevances des biens et valeurs qu&#8217;elle peut poss\u00e9der<\/li>\n<li>des r\u00e9tributions des services rendus ou des prestations fournies par l&#8217;Association<\/li>\n<li>des dons<\/li>\n<li>des autres ressources qui ne sont pas contraires aux r\u00e8gles et lois en vigueur<\/li>\n<\/ul>\n<\/blockquote>\n<p><span style=\"color: #ffffff;\">.<\/span><\/p>\n<h3>Article 22 : Cotisation des membres actifs<\/h3>\n<blockquote><p>Le montant de la cotisation est fix\u00e9 par le Conseil d&#8217;Administration avant l&#8217;Assembl\u00e9e G\u00e9n\u00e9rale Ordinaire et indiqu\u00e9 dans le R\u00e8glement Int\u00e9rieur.<\/p>\n<p>Elle est valable pour l&#8217;ann\u00e9e en cours.<\/p>\n<p>Elle est exigible avant l&#8217;Assembl\u00e9e G\u00e9n\u00e9rale Ordinaire.<\/p><\/blockquote>\n<p><span style=\"color: #ffffff;\">.<\/span><\/p>\n<h3>Article 23 : Cotisation des nouveaux membres<\/h3>\n<blockquote><p>Si un membre est accept\u00e9 dans l&#8217;Association avant le 30 avril de l&#8217;ann\u00e9e en cours, sa cotisation est payable d\u00e8s son acceptation par le Conseil d&#8217;Administration.<\/p>\n<p>A partir du 1<sup>er<\/sup> mai, le postulant attendra l&#8217;Assembl\u00e9e G\u00e9n\u00e9rale Ordinaire suivante pour int\u00e9grer l&#8217;Association et payer sa cotisation.<\/p>\n<p>Dans cette attente, il pourra toutefois assister aux \u00e9v\u00e9nements organis\u00e9s par l&#8217;Association en payant le tarif visiteur.<\/p><\/blockquote>\n<p>&nbsp;<\/p>\n","protected":false},"excerpt":{"rendered":"<p>Retour \u00e0 la page &#8220;Nous rejoindre&#8221; R\u00e8glement Int\u00e9rieur . Statuts de l\u2019Association \u00e9tablis \u00e0 Paris par les Membres Fondateurs le 17 septembre 2017 . Titre I : Pr\u00e9sentation de l&#8217;Association Article 1 : Constitution et d\u00e9nomination Il est fond\u00e9 entre les adh\u00e9rents aux pr\u00e9sents Statuts, et qui rempliront les conditions ci-apr\u00e8s fix\u00e9es, une Association r\u00e9gie [&hellip;]<\/p>\n","protected":false},"author":2,"featured_media":0,"parent":0,"menu_order":860,"comment_status":"closed","ping_status":"closed","template":"","meta":{"footnotes":""},"_links":{"self":[{"href":"https:\/\/lecercleduchocolat.org\/index.php\/wp-json\/wp\/v2\/pages\/43"}],"collection":[{"href":"https:\/\/lecercleduchocolat.org\/index.php\/wp-json\/wp\/v2\/pages"}],"about":[{"href":"https:\/\/lecercleduchocolat.org\/index.php\/wp-json\/wp\/v2\/types\/page"}],"author":[{"embeddable":true,"href":"https:\/\/lecercleduchocolat.org\/index.php\/wp-json\/wp\/v2\/users\/2"}],"replies":[{"embeddable":true,"href":"https:\/\/lecercleduchocolat.org\/index.php\/wp-json\/wp\/v2\/comments?post=43"}],"version-history":[{"count":0,"href":"https:\/\/lecercleduchocolat.org\/index.php\/wp-json\/wp\/v2\/pages\/43\/revisions"}],"wp:attachment":[{"href":"https:\/\/lecercleduchocolat.org\/index.php\/wp-json\/wp\/v2\/media?parent=43"}],"curies":[{"name":"wp","href":"https:\/\/api.w.org\/{rel}","templated":true}]}}