{"id":400,"date":"2018-01-03T23:57:52","date_gmt":"2018-01-03T22:57:52","guid":{"rendered":"http:\/\/lecercleduchocolat.org\/?page_id=400"},"modified":"2018-03-23T17:32:19","modified_gmt":"2018-03-23T16:32:19","slug":"mardi-10-octobre-2017-fabrice-gillotte","status":"publish","type":"page","link":"https:\/\/lecercleduchocolat.org\/index.php\/nos-activites-en-2020\/nos-activites\/mardi-10-octobre-2017-fabrice-gillotte\/","title":{"rendered":"Mardi 10 octobre 2017 &#8211; Fabrice Gillotte"},"content":{"rendered":"<p style=\"text-align: right;\"><a href=\"http:\/\/lecercleduchocolat.org\/index.php\/nos-activites-en-2018\/nos-activites\/#A20171010\">Retour \u00e0 la page &#8220;Nos Activit\u00e9s en 2017&#8221;<\/a><\/p>\n<p><span style=\"color: #ffffff;\">.<\/span><\/p>\n<blockquote>\n<p style=\"text-align: center;\"><a href=\"#A20171010_choc\">Le chocolatier<\/a> \u00a0&#8211;\u00a0 <a href=\"#A20171010_lieu\">Le lieu<\/a>\u00a0 &#8211;\u00a0 <a href=\"#A20171010_degust\">Notre d\u00e9gustation<\/a>\u00a0 &#8211;\u00a0 <a href=\"#A20171010_diner\">Notre d\u00eener<\/a>\u00a0 &#8211;\u00a0 <a href=\"#A20171010_adr\">Les adresses<\/a><\/p>\n<\/blockquote>\n<p><span style=\"color: #ffffff;\">.<a id=\"A20171010_choc\"><\/a><\/span><\/p>\n<h2>Le chocolatier<\/h2>\n<blockquote>\n<table cellpadding=\"5\">\n<tbody>\n<tr>\n<td style=\"width: 250px; vertical-align: middle;\"><img decoding=\"async\" loading=\"lazy\" class=\"alignnone size-medium wp-image-466\" src=\"http:\/\/lecercleduchocolat.org\/wp-content\/uploads\/2017\/12\/Fabrice-Gillotte-219x300.png\" alt=\"\" width=\"219\" height=\"300\" srcset=\"https:\/\/lecercleduchocolat.org\/wp-content\/uploads\/2017\/12\/Fabrice-Gillotte-219x300.png 219w, https:\/\/lecercleduchocolat.org\/wp-content\/uploads\/2017\/12\/Fabrice-Gillotte.png 260w\" sizes=\"(max-width: 219px) 100vw, 219px\" \/><\/td>\n<td style=\"width: 650px; text-align: justify; vertical-align: middle;\">\n<p style=\"text-align: justify;\">Pour cette premi\u00e8re d\u00e9gustation de notre club d&#8217;amateurs de chocolat, nous avons choisi l&#8217;un des meilleurs chocolatiers fran\u00e7ais et l&#8217;un des cr\u00e9ateurs les plus talentueux\u00a0: <strong>Fabrice Gillotte<\/strong>.<\/p>\n<p style=\"text-align: justify;\"><span style=\"color: #ffffff;\">.<\/span><\/p>\n<p style=\"text-align: justify;\">Tr\u00e8s t\u00f4t attir\u00e9 par la p\u00e2tisserie, Fabrice Gillotte\u00a0fait son apprentissage en p\u00e2tisserie \u00e0 Avallon (Yonne) en 1981.<\/p>\n<p style=\"text-align: justify;\">Il est toutefois contraint de reprendre la confiserie familiale suite \u00e0 des probl\u00e8mes de sant\u00e9 de son p\u00e8re. Il pense n&#8217;y rester que quelques mois, mais il y d\u00e9couvre la premi\u00e8re \u00e9dition du guide du Club des Croqueurs de Chocolat. L&#8217;article\u00a0sur Robert Linxe, cr\u00e9ateur de la Maison du Chocolat, le pousse \u00e0 aller \u00e0 Paris acheter un ballotin.<\/p>\n<p style=\"text-align: justify;\">C&#8217;est le coup de foudre gustatif qui d\u00e9cidera de son avenir.<\/p>\n<\/td>\n<\/tr>\n<tr>\n<td style=\"width: 900px;\" colspan=\"2\">\n<p style=\"text-align: justify;\">En 1990, le\u00a0concours de Meilleur Ouvrier de France ouvre une cat\u00e9gorie &#8220;Chocolatier &#8211; Confiseur&#8221;. Il le passe et devient le premier MOF\u00a0Chocolat\u00a0!<\/p>\n<p style=\"text-align: justify;\">En 1993, il reprend la g\u00e9rance de l\u2019affaire familiale. Au Parrain G\u00e9n\u00e9reux devient Fabrice Gillotte Cr\u00e9ateur Chocolatier.<\/p>\n<p style=\"text-align: justify;\">Fabrice Gillotte a re\u00e7u, en 2017, son 10<sup>\u00e8me<\/sup> Award du chocolat au Salon du Chocolat de Paris.<\/p>\n<p><span style=\"color: #ffffff;\">.<\/span><\/p>\n<p style=\"text-align: justify;\">Apr\u00e8s Dijon, Besan\u00e7on et Beaune, Fabrice Gillotte\u00a0a ouvert une boutique \u00e0 Duba\u00ef.<\/p>\n<p style=\"text-align: justify;\">A Paris, ses cr\u00e9ations sont disponibles dans une petite chocolaterie de la rue Mouffetard qui pr\u00e9sente les collections de plusieurs chocolatiers : Mococha.<\/p>\n<\/td>\n<\/tr>\n<\/tbody>\n<\/table>\n<\/blockquote>\n<p><span style=\"color: #ffffff;\">.<\/span><a id=\"A20171010_lieu\"><\/a><\/p>\n<h2>Le lieu<\/h2>\n<blockquote>\n<table cellpadding=\"5\">\n<tbody>\n<tr>\n<td style=\"width: 200px; text-align: center; vertical-align: middle;\"><img decoding=\"async\" loading=\"lazy\" class=\"alignnone wp-image-452 size-thumbnail\" src=\"http:\/\/lecercleduchocolat.org\/wp-content\/uploads\/2017\/12\/Les-cr\u00eapes-de-Louis-Marie-Logo-150x150.png\" alt=\"\" width=\"150\" height=\"150\" srcset=\"https:\/\/lecercleduchocolat.org\/wp-content\/uploads\/2017\/12\/Les-cr\u00eapes-de-Louis-Marie-Logo-150x150.png 150w, https:\/\/lecercleduchocolat.org\/wp-content\/uploads\/2017\/12\/Les-cr\u00eapes-de-Louis-Marie-Logo.png 200w\" sizes=\"(max-width: 150px) 100vw, 150px\" \/><\/td>\n<td style=\"width: 700px; vertical-align: middle;\"><strong>Les Cr\u00eapes de Louis-Marie<\/strong><\/p>\n<p style=\"text-align: justify;\">Louis-Marie a cr\u00e9\u00e9 cette petite cr\u00eaperie fort sympathique fin ao\u00fbt 2017.<\/p>\n<p style=\"text-align: justify;\">Il a pour ambition de proposer \u00e0 ses clients une carte renouvel\u00e9e \u00e0 chaque saison. Carte inscrite sur un grand tableau noir au mur.<\/p>\n<p style=\"text-align: justify;\">Des produits frais, des recettes innovantes, le sourire accueillant de Louis-Marie, qui est aussi un gourmand de chocolat, que demander de plus ?!<\/p>\n<\/td>\n<\/tr>\n<\/tbody>\n<\/table>\n<table cellpadding=\"5\">\n<tbody>\n<tr>\n<td style=\"width: 400px; text-align: right;\"><img decoding=\"async\" loading=\"lazy\" class=\"alignnone wp-image-453 size-full\" src=\"http:\/\/lecercleduchocolat.org\/wp-content\/uploads\/2017\/12\/Les-cr\u00eapes-de-Louis-Marie-Salle-1.png\" alt=\"\" width=\"200\" height=\"200\" srcset=\"https:\/\/lecercleduchocolat.org\/wp-content\/uploads\/2017\/12\/Les-cr\u00eapes-de-Louis-Marie-Salle-1.png 200w, https:\/\/lecercleduchocolat.org\/wp-content\/uploads\/2017\/12\/Les-cr\u00eapes-de-Louis-Marie-Salle-1-150x150.png 150w\" sizes=\"(max-width: 200px) 100vw, 200px\" \/><\/td>\n<td style=\"width: 500px; text-align: center; vertical-align: middle;\"><img decoding=\"async\" loading=\"lazy\" class=\"alignnone wp-image-451\" src=\"http:\/\/lecercleduchocolat.org\/wp-content\/uploads\/2017\/12\/Les-cr\u00eapes-de-Louis-Marie-Fa\u00e7ade-300x240.png\" alt=\"\" width=\"250\" height=\"200\" srcset=\"https:\/\/lecercleduchocolat.org\/wp-content\/uploads\/2017\/12\/Les-cr\u00eapes-de-Louis-Marie-Fa\u00e7ade-300x240.png 300w, https:\/\/lecercleduchocolat.org\/wp-content\/uploads\/2017\/12\/Les-cr\u00eapes-de-Louis-Marie-Fa\u00e7ade.png 426w\" sizes=\"(max-width: 250px) 100vw, 250px\" \/><\/td>\n<\/tr>\n<\/tbody>\n<\/table>\n<\/blockquote>\n<p><span style=\"color: #ffffff;\">.<\/span><a id=\"A20171010_degust\"><\/a><\/p>\n<h2>Notre d\u00e9gustation<\/h2>\n<blockquote>\n<p style=\"text-align: justify;\">La qualit\u00e9 du chocolat, le travail de la mati\u00e8re, la recherche des saveurs ont\u00a0\u00e9t\u00e9 unanimement appr\u00e9ci\u00e9s, mais nous nous sommes tout de m\u00eame permis de &#8220;juger&#8221; chaque bonbon sur le go\u00fbt, appr\u00e9ciation tr\u00e8s subjective en fonction\u00a0de chacun.<\/p>\n<p style=\"text-align: justify;\">Nous avons aussi\u00a0pu appr\u00e9cier, sur tous les bonbons de chocolats, la finesse de la couverture ainsi que l&#8217;\u00e9quilibre entre les diff\u00e9rentes saveurs sans oublier celle du chocolat qui est \u00e0 chaque fois pr\u00e9sent en fin de bouche.<\/p>\n<p><span style=\"color: #ffffff;\">.<\/span><\/p>\n<table cellpadding=\"5\">\n<tbody>\n<tr>\n<td style=\"width: 200px; text-align: center; vertical-align: middle;\"><img decoding=\"async\" loading=\"lazy\" class=\"alignnone wp-image-455\" src=\"http:\/\/lecercleduchocolat.org\/wp-content\/uploads\/2017\/12\/2017-10-10-Fabrice-Gillotte-02.png\" alt=\"\" width=\"130\" height=\"100\" \/><\/td>\n<td style=\"width: 700px; vertical-align: middle;\"><strong>Chuao<\/strong><\/p>\n<p>Ganache chocolat noir nature, couverture chocolat noir.<\/p>\n<p>Le parfum est bois\u00e9 et l&#8217;intensit\u00e9 fine avec une l\u00e9g\u00e8re amertume agr\u00e9able.<\/td>\n<\/tr>\n<\/tbody>\n<\/table>\n<table cellpadding=\"5\">\n<tbody>\n<tr>\n<td style=\"width: 700px; text-align: right; vertical-align: middle;\"><strong>Senteur<\/strong><\/p>\n<p>Ganache chocolat noir aromatis\u00e9e au jasmin, couverture chocolat noir.<\/p>\n<p>Les ar\u00f4mes tr\u00e8s fins du jasmin ne sont pas couverts par ceux du chocolat<br \/>\net cohabitent avec \u00e9quilibre.<\/td>\n<td style=\"width: 200px; text-align: center; vertical-align: middle;\"><img decoding=\"async\" loading=\"lazy\" class=\"alignnone wp-image-456\" src=\"http:\/\/lecercleduchocolat.org\/wp-content\/uploads\/2017\/12\/2017-10-10-Fabrice-Gillotte-04.png\" alt=\"\" width=\"112\" height=\"100\" \/><\/td>\n<\/tr>\n<\/tbody>\n<\/table>\n<table cellpadding=\"5\">\n<tbody>\n<tr>\n<td style=\"width: 200px; text-align: center; vertical-align: middle;\">Photo<\/td>\n<td style=\"width: 700px; vertical-align: middle;\"><strong>Complexit\u00e9<\/strong><\/p>\n<p>Ganache chocolat noir aromatis\u00e9e au vinaigre Balsamique sur une fine couche de gel\u00e9e de fruits \u00e0 la fraise, couverture chocolat noir.<\/p>\n<p>Ce chocolat porte bien son nom tant l&#8217;association d&#8217;une ganache et d&#8217;une gel\u00e9e de fruits est complexe afin de garder un \u00e9quilibre et permettre d&#8217;avoir en bouche tous les ar\u00f4mes \u00e0 la fois. Pari r\u00e9ussi pour Fabrice Gillotte dont le savoir-faire nous impressionne une fois de plus.<\/td>\n<\/tr>\n<\/tbody>\n<\/table>\n<table cellpadding=\"5\">\n<tbody>\n<tr>\n<td style=\"width: 700px; text-align: right; vertical-align: middle;\"><strong>Audace<\/strong><\/p>\n<p>Massepain vanille, ganache chocolat au lait pamplemousse rose,<br \/>\ncouverture chocolat noir.<\/td>\n<td style=\"width: 200px; text-align: center; vertical-align: middle;\"><img decoding=\"async\" loading=\"lazy\" class=\"alignnone wp-image-457\" src=\"http:\/\/lecercleduchocolat.org\/wp-content\/uploads\/2017\/12\/2017-10-10-Fabrice-Gillotte-06.png\" alt=\"\" width=\"120\" height=\"100\" \/><\/td>\n<\/tr>\n<\/tbody>\n<\/table>\n<table cellpadding=\"5\">\n<tbody>\n<tr>\n<td style=\"width: 200px; text-align: center; vertical-align: middle;\"><img decoding=\"async\" loading=\"lazy\" class=\"alignnone wp-image-458\" src=\"http:\/\/lecercleduchocolat.org\/wp-content\/uploads\/2017\/12\/2017-10-10-Fabrice-Gillotte-08.png\" alt=\"\" width=\"88\" height=\"120\" \/><\/td>\n<td style=\"width: 700px; vertical-align: middle;\"><strong>S\u00e9same<\/strong><\/p>\n<p>Pralin\u00e9 au s\u00e9same grill\u00e9, couverture chocolat noir.<\/p>\n<p>Malgr\u00e9 les ar\u00f4mes de pralin\u00e9 qui sont assez forts, on sent bien ceux du s\u00e9same plus subtils.<\/td>\n<\/tr>\n<\/tbody>\n<\/table>\n<table cellpadding=\"5\">\n<tbody>\n<tr>\n<td style=\"width: 700px; text-align: right; vertical-align: middle;\"><strong>Arabica<\/strong><\/p>\n<p>Pralin\u00e9 aux grains de caf\u00e9 moulus, couverture chocolat noir.<\/p>\n<p>Ce pralin\u00e9 est tr\u00e8s original et \u00e9quilibr\u00e9.<\/td>\n<td style=\"width: 200px; text-align: center; vertical-align: middle;\"><img decoding=\"async\" loading=\"lazy\" class=\"alignnone wp-image-459\" src=\"http:\/\/lecercleduchocolat.org\/wp-content\/uploads\/2017\/12\/2017-10-10-Fabrice-Gillotte-10.png\" alt=\"\" width=\"96\" height=\"100\" \/><\/td>\n<\/tr>\n<\/tbody>\n<\/table>\n<table cellpadding=\"5\">\n<tbody>\n<tr>\n<td style=\"width: 200px; text-align: center; vertical-align: middle;\"><img decoding=\"async\" loading=\"lazy\" class=\"alignnone wp-image-460\" src=\"http:\/\/lecercleduchocolat.org\/wp-content\/uploads\/2017\/12\/2017-10-10-Fabrice-Gillotte-12.png\" alt=\"\" width=\"113\" height=\"100\" \/><\/td>\n<td style=\"width: 700px; vertical-align: middle;\"><strong>Lavande<\/strong><\/p>\n<p>Caramel au miel de lavande et amande torr\u00e9fi\u00e9e, couverture chocolat noir.<\/td>\n<\/tr>\n<\/tbody>\n<\/table>\n<p><span style=\"color: #ffffff;\">.<\/span><\/p>\n<p style=\"text-align: justify;\">Nous avons l&#8217;habitude de voter pour notre (nos) bonbons de chocolat pr\u00e9f\u00e9r\u00e9. Cette fois, le choix a \u00e9t\u00e9 particuli\u00e8rement difficile tant nous \u00e9tions enthousiasm\u00e9 par chacun. Malgr\u00e9 tout, il a fallu se d\u00e9cider et trois bonbons ont remport\u00e9 les suffrages : Complexit\u00e9, S\u00e9same et Arabica.<\/p>\n<p><span style=\"color: #ffffff;\">.<\/span><\/p>\n<p style=\"text-align: justify;\">Fabrice Gillotte nous avait g\u00e2t\u00e9 en nous envoyant une douzaine de bonbons diff\u00e9rents. Nous ne pouvions tous les d\u00e9guster dans la soir\u00e9e, chacun est reparti, ravi,\u00a0avec un petit sachet de bonbons de chocolat \u00e0 appr\u00e9cier chez lui.<\/p>\n<p><span style=\"color: #ffffff;\">.<\/span><\/p>\n<table cellpadding=\"5\">\n<tbody>\n<tr>\n<td style=\"width: 150px;\"><strong>Bali<\/strong><\/td>\n<td style=\"width: 350px; text-align: justify;\">Petit cube avec paillettes roses<\/td>\n<td style=\"width: 400px; text-align: justify;\">Pralin\u00e9 amandes, arachides sal\u00e9es, chocolat noir<\/td>\n<\/tr>\n<tr>\n<td style=\"width: 150px;\"><strong>Furie<\/strong><\/td>\n<td style=\"width: 350px; text-align: justify;\">Carr\u00e9 avec quadrillage vert<\/td>\n<td style=\"width: 400px; text-align: justify;\">Ganache jus et zestes de citrons verts, chocolat noir<\/td>\n<\/tr>\n<tr>\n<td style=\"width: 150px;\"><strong>Odorante<\/strong><\/td>\n<td style=\"width: 350px;\">Carr\u00e9 avec deux traits &#8220;\u00e0 la fourchette&#8221;<\/td>\n<td style=\"width: 400px;\">Ganache verveine citron confit, chocolat noir<\/td>\n<\/tr>\n<tr>\n<td style=\"width: 150px;\"><strong>Provence<\/strong><\/td>\n<td style=\"width: 350px; text-align: justify;\">Cube avec une petite bille<\/td>\n<td style=\"width: 400px; text-align: justify;\">Pralin\u00e9 amandes de Provence, chocolat noir<\/td>\n<\/tr>\n<tr>\n<td style=\"width: 150px;\"><strong>Croustille<\/strong><\/td>\n<td style=\"width: 350px; text-align: justify;\">Cube avec FG dessin\u00e9s<\/td>\n<td style=\"width: 400px; text-align: justify;\">Pralin\u00e9 noisettes cr\u00eapes dentelle, chocolat au lait<\/td>\n<\/tr>\n<\/tbody>\n<\/table>\n<\/blockquote>\n<p><span style=\"color: #ffffff;\">.<\/span><a id=\"A20171010_diner\"><\/a><\/p>\n<h2>Notre d\u00eener<\/h2>\n<blockquote>\n<table cellpadding=\"5\">\n<tbody>\n<tr>\n<td style=\"width: 250px; text-align: center; vertical-align: middle;\"><img decoding=\"async\" loading=\"lazy\" class=\"alignnone wp-image-518\" src=\"http:\/\/lecercleduchocolat.org\/wp-content\/uploads\/2018\/01\/2017-10-10-Fabrice-Gillotte-21-150x150.png\" alt=\"\" width=\"175\" height=\"169\" \/><\/td>\n<td style=\"width: 400px; text-align: justify; vertical-align: middle;\">Cette d\u00e9gustation a \u00e9t\u00e9 suivie d\u2019un repas tr\u00e8s convivial et anim\u00e9 autour &#8230; &#8220;du chocolat&#8221; bien entendu !<\/p>\n<p>Les\u00a0 deux sortes de cidres brut et le poir\u00e9 artisanaux accompagnaient fort bien diff\u00e9rentes galettes sal\u00e9es et cr\u00eapes sucr\u00e9es.<\/p>\n<p>Nous nous sommes r\u00e9gal\u00e9s\u00a0&#8230;<\/td>\n<td style=\"width: 250px; text-align: center; vertical-align: middle;\"><img decoding=\"async\" loading=\"lazy\" class=\"alignnone size-medium wp-image-461\" src=\"http:\/\/lecercleduchocolat.org\/wp-content\/uploads\/2017\/12\/2017-10-10-Fabrice-Gillotte-20.png\" alt=\"\" width=\"192\" height=\"154\" \/><\/td>\n<\/tr>\n<\/tbody>\n<\/table>\n<table cellpadding=\"5\">\n<tbody>\n<tr>\n<td style=\"width: 300px; text-align: right;\"><img decoding=\"async\" loading=\"lazy\" class=\"alignnone wp-image-463\" src=\"http:\/\/lecercleduchocolat.org\/wp-content\/uploads\/2017\/12\/2017-10-10-Fabrice-Gillotte-40.png\" alt=\"\" width=\"85\" height=\"150\" \/><\/td>\n<td style=\"width: 300px; text-align: center;\"><img decoding=\"async\" loading=\"lazy\" class=\"alignnone wp-image-464\" src=\"http:\/\/lecercleduchocolat.org\/wp-content\/uploads\/2017\/12\/2017-10-10-Fabrice-Gillotte-41.png\" alt=\"\" width=\"78\" height=\"150\" \/><\/td>\n<td style=\"width: 300px;\"><img decoding=\"async\" loading=\"lazy\" class=\"alignnone wp-image-520\" src=\"http:\/\/lecercleduchocolat.org\/wp-content\/uploads\/2018\/01\/2017-10-10-Fabrice-Gillotte-43.png\" alt=\"\" width=\"76\" height=\"150\" \/><\/td>\n<\/tr>\n<\/tbody>\n<\/table>\n<\/blockquote>\n<p><span style=\"color: #ffffff;\">.<\/span><a id=\"A20171010_adr\"><\/a><\/p>\n<h2>Les adresses<\/h2>\n<blockquote>\n<table cellpadding=\"5\">\n<tbody>\n<tr>\n<td style=\"width: 40px; text-align: center; vertical-align: middle;\"><img decoding=\"async\" loading=\"lazy\" class=\"alignnone wp-image-223\" src=\"http:\/\/lecercleduchocolat.org\/wp-content\/uploads\/2017\/10\/LCDC_Chocolatiers-d\u00e9gust\u00e9s.jpg\" alt=\"\" width=\"30\" height=\"30\" \/><\/td>\n<td style=\"width: 400px; vertical-align: middle;\"><strong>Fabrice Gillotte<\/strong><\/td>\n<td style=\"width: 100px; text-align: center; vertical-align: middle;\"><img decoding=\"async\" loading=\"lazy\" class=\"wp-image-225 aligncenter\" src=\"http:\/\/lecercleduchocolat.org\/wp-content\/uploads\/2017\/10\/LCDC_Lieux-de-d\u00e9gustations.gif\" alt=\"\" width=\"49\" height=\"30\" \/><\/td>\n<td style=\"width: 350px; vertical-align: middle;\"><strong>Les Cr\u00eapes de Louis-Marie<\/strong><\/td>\n<\/tr>\n<tr>\n<td style=\"width: 40px; text-align: center; vertical-align: middle;\"><a href=\"https:\/\/fr-fr.facebook.com\/fabricegillotte\/\" target=\"_blank\" rel=\"noopener\"><img decoding=\"async\" loading=\"lazy\" class=\"alignnone wp-image-224\" src=\"http:\/\/lecercleduchocolat.org\/wp-content\/uploads\/2017\/10\/LCDC_Facebook.png\" alt=\"\" width=\"27\" height=\"30\" \/><\/a><\/td>\n<td style=\"width: 400px; vertical-align: middle;\"><a href=\"http:\/\/www.fabrice-gillotte.fr\/\" target=\"_blank\" rel=\"noopener\">www.fabrice-gillotte.fr\/<\/a><\/td>\n<td style=\"width: 100px; text-align: center; vertical-align: middle;\"><a href=\"https:\/\/www.facebook.com\/lescrepesdelouismarie\/\" target=\"_blank\" rel=\"noopener\"><img decoding=\"async\" loading=\"lazy\" class=\"alignnone wp-image-224\" src=\"http:\/\/lecercleduchocolat.org\/wp-content\/uploads\/2017\/10\/LCDC_Facebook.png\" alt=\"\" width=\"27\" height=\"30\" \/><\/a><a href=\"https:\/\/www.google.fr\/maps\/place\/Les+Cr%C3%AApes+de+Louis-Marie,+1+Rue+de+l'Arbal%C3%A8te,+75005+Paris\/@48.8402939,2.3505469,18z\/data=!4m2!3m1!1s0x47e671dea76fcc1b:0xfc4fc2a4bae8b28e\" target=\"_blank\" rel=\"noopener\"><br \/>\n<\/a><\/td>\n<\/tr>\n<tr>\n<td style=\"width: 40px; text-align: center; vertical-align: middle;\"><a href=\"https:\/\/www.google.fr\/maps\/place\/Fabrice+Gillotte+Cr%C3%A9ateur+Chocolatier,+21+Rue+du+Bourg,+21000+Dijon\/@47.3207652,5.0412313,17z\/data=!4m2!3m1!1s0x47f29de90acbdc69:0x25b05c3457106665\" target=\"_blank\" rel=\"noopener\"><img decoding=\"async\" loading=\"lazy\" class=\"alignnone wp-image-226\" src=\"http:\/\/lecercleduchocolat.org\/wp-content\/uploads\/2017\/10\/Mais-o\u00f9-\u00e7a-se-trouve.png\" alt=\"\" width=\"28\" height=\"30\" \/><\/a><\/td>\n<td style=\"width: 400px; vertical-align: middle;\">21 rue du Bourg 21000 Dijon<\/td>\n<td style=\"width: 100px; text-align: center; vertical-align: middle;\"><a href=\"https:\/\/www.google.fr\/maps\/place\/Les+Cr%C3%AApes+de+Louis-Marie,+1+Rue+de+l'Arbal%C3%A8te,+75005+Paris\/@48.8402939,2.3505469,18z\/data=!4m2!3m1!1s0x47e671dea76fcc1b:0xfc4fc2a4bae8b28e\" target=\"_blank\" rel=\"noopener\"><img decoding=\"async\" loading=\"lazy\" class=\"alignnone wp-image-226\" src=\"http:\/\/lecercleduchocolat.org\/wp-content\/uploads\/2017\/10\/Mais-o\u00f9-\u00e7a-se-trouve.png\" alt=\"\" width=\"28\" height=\"30\" \/><\/a><\/td>\n<td style=\"width: 350px; vertical-align: middle;\">1 rue de l&#8217;Arbal\u00e8te 75005 Paris<\/td>\n<\/tr>\n<tr>\n<td style=\"width: 40px; text-align: center; vertical-align: middle;\"><a href=\"https:\/\/www.google.fr\/maps\/place\/Fabrice+Gillotte+Cr%C3%A9ateur+Chocolatier,+59+Rue+des+Granges,+25000+Besan%C3%A7on\/@47.2376124,6.0272471,18z\/data=!4m2!3m1!1s0x478d633c0949121f:0x3a2bf0019de9ca88\" target=\"_blank\" rel=\"noopener\"><img decoding=\"async\" loading=\"lazy\" class=\"alignnone wp-image-226\" src=\"http:\/\/lecercleduchocolat.org\/wp-content\/uploads\/2017\/10\/Mais-o\u00f9-\u00e7a-se-trouve.png\" alt=\"\" width=\"28\" height=\"30\" \/><\/a><\/td>\n<td style=\"width: 400px; vertical-align: middle;\">59 rue des Granges 25000 Besan\u00e7on<\/td>\n<\/tr>\n<tr>\n<td style=\"width: 40px; text-align: center; vertical-align: middle;\"><a href=\"https:\/\/www.google.fr\/maps\/place\/33+Rue+Carnot,+21200+Beaune\/@47.0229395,4.8383815,16z\/data=!4m2!3m1!1s0x47f2f345bb7fba45:0xb166b12168a96981\" target=\"_blank\" rel=\"noopener\"><img decoding=\"async\" loading=\"lazy\" class=\"alignnone wp-image-226\" src=\"http:\/\/lecercleduchocolat.org\/wp-content\/uploads\/2017\/10\/Mais-o\u00f9-\u00e7a-se-trouve.png\" alt=\"\" width=\"28\" height=\"30\" \/><\/a><\/td>\n<td style=\"width: 400px; vertical-align: middle;\">33 rue Carnot 21200 Beaune<\/td>\n<\/tr>\n<tr>\n<td style=\"width: 40px; text-align: center; vertical-align: middle;\"><a href=\"https:\/\/www.google.fr\/maps\/place\/Mococha,+89+Rue+Mouffetard,+75005+Paris\/@48.8413023,2.3501263,18z\/data=!4m2!3m1!1s0x47e671eea5af6821:0x9cfd3f5a2475fa7e\" target=\"_blank\" rel=\"noopener\"><img decoding=\"async\" loading=\"lazy\" class=\"alignnone wp-image-226\" src=\"http:\/\/lecercleduchocolat.org\/wp-content\/uploads\/2017\/10\/Mais-o\u00f9-\u00e7a-se-trouve.png\" alt=\"\" width=\"28\" height=\"30\" \/><\/a><a href=\"https:\/\/www.google.fr\/maps\/place\/Fabrice+Gillotte+Cr%C3%A9ateur+Chocolatier,+59+Rue+des+Granges,+25000+Besan%C3%A7on\/@47.2376124,6.0272471,18z\/data=!4m2!3m1!1s0x478d633c0949121f:0x3a2bf0019de9ca88\" target=\"_blank\" rel=\"noopener\"><br \/>\n<\/a><\/td>\n<td style=\"width: 400px; vertical-align: middle;\">Mococha &#8211; 89 rue Mouffetard 75005 Paris<\/p>\n<p><a href=\"https:\/\/www.chocolatsmococha.com\/\" target=\"_blank\" rel=\"noopener\">https:\/\/www.chocolatsmococha.com\/<\/a><\/td>\n<\/tr>\n<\/tbody>\n<\/table>\n<\/blockquote>\n<p><span style=\"color: #ffffff;\">.<\/span><\/p>\n","protected":false},"excerpt":{"rendered":"<p>Retour \u00e0 la page &#8220;Nos Activit\u00e9s en 2017&#8221; . Le chocolatier \u00a0&#8211;\u00a0 Le lieu\u00a0 &#8211;\u00a0 Notre d\u00e9gustation\u00a0 &#8211;\u00a0 Notre d\u00eener\u00a0 &#8211;\u00a0 Les adresses . Le chocolatier Pour cette premi\u00e8re d\u00e9gustation de notre club d&#8217;amateurs de chocolat, nous avons choisi l&#8217;un des meilleurs chocolatiers fran\u00e7ais et l&#8217;un des cr\u00e9ateurs les plus talentueux\u00a0: Fabrice Gillotte. . Tr\u00e8s [&hellip;]<\/p>\n","protected":false},"author":2,"featured_media":0,"parent":227,"menu_order":101,"comment_status":"closed","ping_status":"closed","template":"","meta":{"footnotes":""},"_links":{"self":[{"href":"https:\/\/lecercleduchocolat.org\/index.php\/wp-json\/wp\/v2\/pages\/400"}],"collection":[{"href":"https:\/\/lecercleduchocolat.org\/index.php\/wp-json\/wp\/v2\/pages"}],"about":[{"href":"https:\/\/lecercleduchocolat.org\/index.php\/wp-json\/wp\/v2\/types\/page"}],"author":[{"embeddable":true,"href":"https:\/\/lecercleduchocolat.org\/index.php\/wp-json\/wp\/v2\/users\/2"}],"replies":[{"embeddable":true,"href":"https:\/\/lecercleduchocolat.org\/index.php\/wp-json\/wp\/v2\/comments?post=400"}],"version-history":[{"count":0,"href":"https:\/\/lecercleduchocolat.org\/index.php\/wp-json\/wp\/v2\/pages\/400\/revisions"}],"up":[{"embeddable":true,"href":"https:\/\/lecercleduchocolat.org\/index.php\/wp-json\/wp\/v2\/pages\/227"}],"wp:attachment":[{"href":"https:\/\/lecercleduchocolat.org\/index.php\/wp-json\/wp\/v2\/media?parent=400"}],"curies":[{"name":"wp","href":"https:\/\/api.w.org\/{rel}","templated":true}]}}