{"id":31,"date":"2017-10-12T22:00:16","date_gmt":"2017-10-12T20:00:16","guid":{"rendered":"http:\/\/lecercleduchocolat.org\/?page_id=31"},"modified":"2020-02-17T16:03:01","modified_gmt":"2020-02-17T15:03:01","slug":"nous-rejoindre","status":"publish","type":"page","link":"https:\/\/lecercleduchocolat.org\/index.php\/nous-rejoindre\/","title":{"rendered":"Nous rejoindre"},"content":{"rendered":"<p style=\"text-align: justify;\">Vous appr\u00e9ciez le chocolat et aimeriez rejoindre notre <strong>Cercle du Chocolat<\/strong> afin d&#8217;\u00e9changer vos exp\u00e9riences et progresser dans la connaissance du chocolat.<\/p>\n<p style=\"text-align: justify;\">Rien de plus simple : venez assister \u00e0 une d\u00e9gustation en vous inscrivant par <a href=\"http:\/\/lecercleduchocolat.org\/index.php\/nous-contacter\/\">mail<\/a>.<\/p>\n<p style=\"text-align: justify;\">Si cette premi\u00e8re d\u00e9gustation d\u00e9clenche chez vous l\u2019envie de rejoindre <strong>Le Cercle du Chocolat<\/strong>, voici un petit parcours, qui nous permettra de mieux vous conna\u00eetre.<\/p>\n<p><span style=\"color: #ffffff;\">.<\/span><\/p>\n<blockquote><p>En tant que candidat,<\/p>\n<table cellpadding=\"5\">\n<tbody>\n<tr>\n<td style=\"width: 150px; text-align: center;\"><img decoding=\"async\" loading=\"lazy\" class=\"alignnone wp-image-34\" src=\"http:\/\/lecercleduchocolat.org\/wp-content\/uploads\/2017\/09\/Encrier-et-Plume-267x300.gif\" alt=\"\" width=\"75\" height=\"84\" \/><\/td>\n<td style=\"width: 750px; text-align: justify; vertical-align: middle;\">Vous adresserez \u00e0 l\u2019Association une lettre de motivation.<\/td>\n<\/tr>\n<tr>\n<td style=\"width: 150px; text-align: center;\"><img decoding=\"async\" loading=\"lazy\" class=\"alignnone size-medium wp-image-35\" src=\"http:\/\/lecercleduchocolat.org\/wp-content\/uploads\/2017\/09\/Oiseau-Enveloppe.gif\" alt=\"\" width=\"88\" height=\"72\" \/><\/td>\n<td style=\"width: 750px; text-align: justify; vertical-align: middle;\">Vous recevrez ensuite une invitation pour vous entretenir avec une repr\u00e9sentation du Bureau.<\/td>\n<\/tr>\n<tr>\n<td style=\"width: 150px; text-align: center;\"><img decoding=\"async\" loading=\"lazy\" class=\"alignnone wp-image-171\" src=\"http:\/\/lecercleduchocolat.org\/wp-content\/uploads\/2017\/10\/Comment-\u00e7a-s\u2019est-pass\u00e9.gif\" alt=\"\" width=\"100\" height=\"50\" \/><\/td>\n<td style=\"width: 750px; text-align: justify; vertical-align: middle;\">Il vous sera demand\u00e9 d\u2019assister \u00e0 trois \u00e9v\u00e9nements organis\u00e9s par l\u2019association sur une p\u00e9riode de six mois (chaque s\u00e9ance sera au tarif \u00ab visiteur \u00bb).<\/td>\n<\/tr>\n<\/tbody>\n<\/table>\n<\/blockquote>\n<p><span style=\"color: #ffffff;\">.<\/span><\/p>\n<p style=\"text-align: justify;\">Lorsque vous aurez int\u00e9gr\u00e9 Le Cercle du Chocolat en tant que membre actif, vous adh\u00e9rerez par l\u00e0-m\u00eame aux Statuts, ainsi qu\u2019au R\u00e8glement Int\u00e9rieur, et vous vous acquitterez de la cotisation (35 \u20ac pour l\u2019ann\u00e9e 2019-2020).<\/p>\n<p><span style=\"color: #ffffff;\">.<\/span><\/p>\n<p style=\"text-align: justify;\">Dans l\u2019ann\u00e9e, qui suivra votre admission, vous organiserez ou participerez \u00e0 la mise en place d\u2019un \u00e9v\u00e9nement ainsi que du compte-rendu d&#8217;une d\u00e9gustation.<\/p>\n<p><span style=\"color: #ffffff;\">.<\/span><\/p>\n<table cellpadding=\"5\">\n<tbody>\n<tr>\n<td style=\"width: 150px;\"><img decoding=\"async\" loading=\"lazy\" class=\"alignnone size-full wp-image-33\" src=\"http:\/\/lecercleduchocolat.org\/wp-content\/uploads\/2017\/09\/B\u00e9b\u00e9Non.gif\" alt=\"\" width=\"109\" height=\"82\" \/><\/td>\n<td style=\"width: 750px; vertical-align: middle;\">Pour pouvoir postuler, le candidat devra \u00eatre majeur.<\/td>\n<\/tr>\n<\/tbody>\n<\/table>\n<p><span style=\"color: #ffffff;\">.<\/span><\/p>\n<p><a href=\"http:\/\/lecercleduchocolat.org\/index.php\/statuts\/\">Statuts<\/a><\/p>\n<p><a href=\"http:\/\/lecercleduchocolat.org\/index.php\/reglement-interieur\/\">R\u00e8glement Int\u00e9rieur<\/a><\/p>\n","protected":false},"excerpt":{"rendered":"<p>Vous appr\u00e9ciez le chocolat et aimeriez rejoindre notre Cercle du Chocolat afin d&#8217;\u00e9changer vos exp\u00e9riences et progresser dans la connaissance du chocolat. Rien de plus simple : venez assister \u00e0 une d\u00e9gustation en vous inscrivant par mail. Si cette premi\u00e8re d\u00e9gustation d\u00e9clenche chez vous l\u2019envie de rejoindre Le Cercle du Chocolat, voici un petit parcours, [&hellip;]<\/p>\n","protected":false},"author":2,"featured_media":0,"parent":0,"menu_order":855,"comment_status":"closed","ping_status":"closed","template":"","meta":{"footnotes":""},"_links":{"self":[{"href":"https:\/\/lecercleduchocolat.org\/index.php\/wp-json\/wp\/v2\/pages\/31"}],"collection":[{"href":"https:\/\/lecercleduchocolat.org\/index.php\/wp-json\/wp\/v2\/pages"}],"about":[{"href":"https:\/\/lecercleduchocolat.org\/index.php\/wp-json\/wp\/v2\/types\/page"}],"author":[{"embeddable":true,"href":"https:\/\/lecercleduchocolat.org\/index.php\/wp-json\/wp\/v2\/users\/2"}],"replies":[{"embeddable":true,"href":"https:\/\/lecercleduchocolat.org\/index.php\/wp-json\/wp\/v2\/comments?post=31"}],"version-history":[{"count":0,"href":"https:\/\/lecercleduchocolat.org\/index.php\/wp-json\/wp\/v2\/pages\/31\/revisions"}],"wp:attachment":[{"href":"https:\/\/lecercleduchocolat.org\/index.php\/wp-json\/wp\/v2\/media?parent=31"}],"curies":[{"name":"wp","href":"https:\/\/api.w.org\/{rel}","templated":true}]}}