{"id":21,"date":"2017-10-23T23:54:08","date_gmt":"2017-10-23T21:54:08","guid":{"rendered":"http:\/\/lecercleduchocolat.org\/?page_id=21"},"modified":"2017-10-25T00:36:30","modified_gmt":"2017-10-24T22:36:30","slug":"qui-sommes-nous","status":"publish","type":"page","link":"https:\/\/lecercleduchocolat.org\/index.php\/qui-sommes-nous\/","title":{"rendered":"Qui sommes-nous ?"},"content":{"rendered":"<blockquote>\n<p style=\"text-align: justify;\"><strong>Chocolat noir<\/strong>, <strong>chocolat au lait<\/strong>, &#8220;<strong>chocolat blanc<\/strong>&#8221; ?<\/p>\n<p style=\"text-align: justify;\"><strong>60<\/strong> ? <strong>70<\/strong> ?\u00a0<strong>80<\/strong> ? <strong>90<\/strong> ? <strong>100%<\/strong> ?<\/p>\n<p style=\"text-align: justify;\"><strong>Pralin\u00e9<\/strong> ? <strong>Ganache<\/strong> ? <strong>Tablette<\/strong> ? <strong>En poudre<\/strong> ? <strong>A boire<\/strong> ?<\/p>\n<p style=\"text-align: justify;\"><strong>Nature<\/strong> ? <strong>M\u00e9lang\u00e9 \u00e0 des fruits<\/strong> ?\u00a0<strong>des plantes<\/strong>\u00a0? <strong>des \u00e9pices<\/strong> ?<\/p>\n<p style=\"text-align: justify;\"><strong>Le chocolat existe sous tant de formes qu&#8217;on en trouvera toujours un (au moins !) qui nous fera plaisir.<\/strong><\/p>\n<p style=\"text-align: justify;\"><span style=\"color: #ffffff;\">.<\/span><\/p>\n<p style=\"text-align: justify;\"><strong>Le but de notre association<\/strong> ?<\/p>\n<p style=\"text-align: justify;\">Se retrouver dans une ambiance conviviale et d\u00e9tendue pour, d&#8217;une part, s&#8217;informer et apprendre sur le chocolat, son origine, sa fabrication mais aussi son histoire, sa g\u00e9ographie et ses utilisations gastronomiques.<\/p>\n<p style=\"text-align: justify;\">Et, d&#8217;autre part, d\u00e9couvrir les gourmandises de chocolatiers \u00e9tablis ou de nouveaux arrivants sur le march\u00e9, que ce soit en France ou dans le monde entier.<\/p>\n<p><span style=\"color: #ffffff;\">.<\/span><\/p>\n<p style=\"text-align: justify;\">Si notre aventure vous tente, venez <a href=\"http:\/\/lecercleduchocolat.org\/index.php\/nous-rejoindre\/\">nous rejoindre<\/a> &#8230;<\/p>\n<h5 style=\"text-align: right;\">Le Bureau du Cercle du Chocolat<\/h5>\n<\/blockquote>\n<table cellpadding=\"5\">\n<tbody>\n<tr>\n<td style=\"width: 400px;\">\n<h4 style=\"text-align: right;\">Pr\u00e9sidente<\/h4>\n<\/td>\n<td style=\"width: 50px; text-align: center;\"><\/td>\n<td style=\"width: 400px; text-align: left;\">\n<h4>Sabine Malet<\/h4>\n<\/td>\n<\/tr>\n<tr>\n<td style=\"width: 400px;\">\n<h4 style=\"text-align: right;\">Secr\u00e9taire G\u00e9n\u00e9rale<\/h4>\n<\/td>\n<td style=\"width: 50px; text-align: center;\"><\/td>\n<td style=\"width: 400px; text-align: left;\">\n<h4>Marie-Christine Piedeloup<\/h4>\n<\/td>\n<\/tr>\n<tr>\n<td style=\"width: 400px;\">\n<h4 style=\"text-align: right;\">Tr\u00e9sori\u00e8re<\/h4>\n<\/td>\n<td style=\"width: 50px;\"><\/td>\n<td style=\"width: 400px; text-align: left;\">\n<h4>Marie-H\u00e9l\u00e8ne Gantois-Kammerer<\/h4>\n<\/td>\n<\/tr>\n<tr>\n<td style=\"width: 400px;\">\n<h4 style=\"text-align: right;\">Secr\u00e9taire G\u00e9n\u00e9rale Adjointe<\/h4>\n<\/td>\n<td style=\"width: 50px; text-align: center;\"><\/td>\n<td style=\"width: 400px; text-align: left;\">\n<h4>Sylvie Desmoulins<\/h4>\n<\/td>\n<\/tr>\n<\/tbody>\n<\/table>\n<p>&nbsp;<\/p>\n","protected":false},"excerpt":{"rendered":"<p>Chocolat noir, chocolat au lait, &#8220;chocolat blanc&#8221; ? 60 ? 70 ?\u00a080 ? 90 ? 100% ? Pralin\u00e9 ? Ganache ? Tablette ? En poudre ? A boire ? Nature ? M\u00e9lang\u00e9 \u00e0 des fruits ?\u00a0des plantes\u00a0? des \u00e9pices ? Le chocolat existe sous tant de formes qu&#8217;on en trouvera toujours un (au moins !) [&hellip;]<\/p>\n","protected":false},"author":2,"featured_media":0,"parent":0,"menu_order":850,"comment_status":"closed","ping_status":"closed","template":"","meta":{"footnotes":""},"_links":{"self":[{"href":"https:\/\/lecercleduchocolat.org\/index.php\/wp-json\/wp\/v2\/pages\/21"}],"collection":[{"href":"https:\/\/lecercleduchocolat.org\/index.php\/wp-json\/wp\/v2\/pages"}],"about":[{"href":"https:\/\/lecercleduchocolat.org\/index.php\/wp-json\/wp\/v2\/types\/page"}],"author":[{"embeddable":true,"href":"https:\/\/lecercleduchocolat.org\/index.php\/wp-json\/wp\/v2\/users\/2"}],"replies":[{"embeddable":true,"href":"https:\/\/lecercleduchocolat.org\/index.php\/wp-json\/wp\/v2\/comments?post=21"}],"version-history":[{"count":0,"href":"https:\/\/lecercleduchocolat.org\/index.php\/wp-json\/wp\/v2\/pages\/21\/revisions"}],"wp:attachment":[{"href":"https:\/\/lecercleduchocolat.org\/index.php\/wp-json\/wp\/v2\/media?parent=21"}],"curies":[{"name":"wp","href":"https:\/\/api.w.org\/{rel}","templated":true}]}}