{"id":15,"date":"2017-10-13T00:32:16","date_gmt":"2017-10-12T22:32:16","guid":{"rendered":"http:\/\/lecercleduchocolat.org\/?page_id=15"},"modified":"2024-01-23T13:07:26","modified_gmt":"2024-01-23T12:07:26","slug":"choco-actualites","status":"publish","type":"page","link":"https:\/\/lecercleduchocolat.org\/","title":{"rendered":"Choco Actualit\u00e9s"},"content":{"rendered":"<p><span style=\"color: #ffffff;\">.<\/span><\/p>\n<h3>Janvier 2024<\/h3>\n<h1 style=\"text-align: center;\">Le Cercle du Chocolat<br \/>\nvous pr\u00e9sente ses meilleurs v\u0153ux<br \/>\nde sant\u00e9 et de s\u00e9r\u00e9nit\u00e9 pour cette nouvelle ann\u00e9e<br \/>\nainsi qu\u2019\u00e0 ceux qui vous sont chers<\/h1>\n<p><span style=\"color: #ffffff;\">.<\/span><\/p>\n<h3>D\u00e9cembre 2023<\/h3>\n<h1 style=\"text-align: center;\">Le Cercle du Chocolat<\/h1>\n<h1 style=\"text-align: center;\">vous souhaite de Bonnes F\u00eates<\/h1>\n<h1 style=\"text-align: center;\">entour\u00e9s de tous ceux que vous aimez<\/h1>\n<h3><img decoding=\"async\" loading=\"lazy\" class=\"alignnone size-medium wp-image-439 aligncenter\" src=\"http:\/\/lecercleduchocolat.org\/wp-content\/uploads\/2017\/12\/P\u00e8re-No\u00ebl-et-Bonhomme-de-Neige-300x225.png\" alt=\"\" width=\"300\" height=\"225\" srcset=\"https:\/\/lecercleduchocolat.org\/wp-content\/uploads\/2017\/12\/P\u00e8re-No\u00ebl-et-Bonhomme-de-Neige-300x225.png 300w, https:\/\/lecercleduchocolat.org\/wp-content\/uploads\/2017\/12\/P\u00e8re-No\u00ebl-et-Bonhomme-de-Neige.png 450w\" sizes=\"(max-width: 300px) 100vw, 300px\" \/><\/h3>\n<p><span style=\"color: #ffffff;\">.<\/span><\/p>\n<h3>28 octobre au 1<sup>er<\/sup> novembre 2023<\/h3>\n<h2 style=\"text-align: center;\">Salon du Chocolat<\/h2>\n<blockquote>\n<table cellpadding=\"5\">\n<tbody>\n<tr>\n<td style=\"width: 300px;\">\n<h2><img decoding=\"async\" loading=\"lazy\" class=\"alignnone wp-image-192\" src=\"http:\/\/lecercleduchocolat.org\/wp-content\/uploads\/2017\/10\/Salon-du-chocolat-300x184.png\" alt=\"\" width=\"252\" height=\"154\" srcset=\"https:\/\/lecercleduchocolat.org\/wp-content\/uploads\/2017\/10\/Salon-du-chocolat-300x184.png 300w, https:\/\/lecercleduchocolat.org\/wp-content\/uploads\/2017\/10\/Salon-du-chocolat.png 474w\" sizes=\"(max-width: 252px) 100vw, 252px\" \/><\/h2>\n<\/td>\n<td style=\"width: 600px;\">\n<p style=\"text-align: center;\">Cette ann\u00e9e, le Salon du Chocolat de Paris aura lieu<\/p>\n<p style=\"text-align: center;\">du 28 octobre au 1<sup>er<\/sup> novembre.<\/p>\n<\/td>\n<\/tr>\n<\/tbody>\n<\/table>\n<p>Paris Expo &#8211; Porte de Versailles &#8211; Pavillon\u00a04 &#8211; 1 place de la Porte de Versailles\u00a0&#8211; 75015 Paris<\/p>\n<p><a href=\"http:\/\/www.salon-du-chocolat.com\/\" target=\"_blank\" rel=\"noopener noreferrer\">http:\/\/www.salon-du-chocolat.com\/<\/a><\/p><\/blockquote>\n<p><span style=\"color: #ffffff;\">.<\/span><\/p>\n<h3>30 octobre au 3 novembre 2019<\/h3>\n<h2 style=\"text-align: center;\">Salon du Chocolat<\/h2>\n<blockquote>\n<table cellpadding=\"5\">\n<tbody>\n<tr>\n<td style=\"width: 300px;\">\n<h2><img decoding=\"async\" loading=\"lazy\" class=\"alignnone wp-image-192\" src=\"http:\/\/lecercleduchocolat.org\/wp-content\/uploads\/2017\/10\/Salon-du-chocolat-300x184.png\" alt=\"\" width=\"252\" height=\"154\" srcset=\"https:\/\/lecercleduchocolat.org\/wp-content\/uploads\/2017\/10\/Salon-du-chocolat-300x184.png 300w, https:\/\/lecercleduchocolat.org\/wp-content\/uploads\/2017\/10\/Salon-du-chocolat.png 474w\" sizes=\"(max-width: 252px) 100vw, 252px\" \/><\/h2>\n<\/td>\n<td style=\"width: 600px;\">\n<p style=\"text-align: center;\">Cette ann\u00e9e, le Salon du Chocolat de Paris aura lieu<\/p>\n<p style=\"text-align: center;\">du 30 octobre au 3 novembre.<\/p>\n<\/td>\n<\/tr>\n<\/tbody>\n<\/table>\n<p>Paris Expo &#8211; Porte de Versailles &#8211; Pavillon\u00a04 &#8211; 1 place de la Porte de Versailles\u00a0&#8211; 75015 Paris<\/p>\n<p><a href=\"http:\/\/www.salon-du-chocolat.com\/\" target=\"_blank\" rel=\"noopener noreferrer\">http:\/\/www.salon-du-chocolat.com\/<\/a><\/p><\/blockquote>\n<p><span style=\"color: #ffffff;\">.<\/span><\/p>\n<h3>31\u00a0octobre au\u00a04 novembre 2018<\/h3>\n<h2 style=\"text-align: center;\">Salon du Chocolat<\/h2>\n<blockquote>\n<table style=\"width: 100%; border-collapse: collapse;\" cellpadding=\"5\">\n<tbody>\n<tr>\n<td style=\"width: 300px; text-align: center;\">\n<h2><img decoding=\"async\" loading=\"lazy\" class=\"alignnone wp-image-192\" src=\"http:\/\/lecercleduchocolat.org\/wp-content\/uploads\/2017\/10\/Salon-du-chocolat-300x184.png\" alt=\"\" width=\"252\" height=\"154\" srcset=\"https:\/\/lecercleduchocolat.org\/wp-content\/uploads\/2017\/10\/Salon-du-chocolat-300x184.png 300w, https:\/\/lecercleduchocolat.org\/wp-content\/uploads\/2017\/10\/Salon-du-chocolat.png 474w\" sizes=\"(max-width: 252px) 100vw, 252px\" \/><\/h2>\n<\/td>\n<td style=\"width: 600px; text-align: center; vertical-align: middle;\">Cette ann\u00e9e, le Salon du Chocolat de Paris aura lieu<\/p>\n<p>du 31\u00a0octobre au\u00a04 novembre.<\/td>\n<\/tr>\n<\/tbody>\n<\/table>\n<p>Paris Expo &#8211; Porte de Versailles &#8211; Pavillon\u00a04 &#8211; 1 place de la Porte de Versailles\u00a0&#8211; 75015 Paris<\/p>\n<p><a href=\"http:\/\/www.salon-du-chocolat.com\/\" target=\"_blank\" rel=\"noopener noreferrer\">http:\/\/www.salon-du-chocolat.com\/<\/a><\/p><\/blockquote>\n<p><span style=\"color: #ffffff;\">.<\/span><\/p>\n<h3>Mardi 27 mars 2018<\/h3>\n<h2 style=\"text-align: center;\">Chocolat, la tentation du luxe<\/h2>\n<p>Emission \u00ab<strong>In Situ<\/strong>\u00bb sur France 3 \u00e0 23h20<\/p>\n<blockquote>\n<p style=\"text-align: justify;\">Nous sommes \u00e0 quelques jours des f\u00eates de P\u00e2ques, et cette ann\u00e9e encore 15 000 tonnes de chocolat seront vendues, englouties en 2 jours. Un secteur donc o\u00f9 tout \u00e0 l\u2019air d\u2019aller pour le mieux dans le meilleur des mondes.<\/p>\n<p style=\"text-align: justify;\">Pourtant, dans ce nouveau num\u00e9ro d\u2019IN SITU, Marie-Sophie Lacarrau nous emm\u00e8ne dans l\u2019envers du d\u00e9cor du business du chocolat. Il y a 3 ans, les experts tirent la sonnette d\u2019alarme : la p\u00e9nurie guette, trop de demande pour une offre de plus en plus rare. Si rien ne change, ils pr\u00e9disent m\u00eame la disparition pure et simple du chocolat d\u2019ici 2050. Le chocolat a donc aujourd\u2019hui la tentation du luxe.<\/p>\n<p style=\"text-align: justify;\">Le voyage de Marie-Sophie commence dans les coulisses du Port de Rouen, premi\u00e8re porte d\u2019entr\u00e9e des f\u00e8ves de cacao en France. A quoi ressemblent ces hangars o\u00f9 d\u00e9barquent chaque semaine des tonnes de f\u00e8ves venues du Ghana et de C\u00f4te d\u2019Ivoire \u2026<\/p>\n<p style=\"text-align: justify;\">Qu\u2019est-ce qui nous pousse aujourd\u2019hui \u00e0 d\u00e9bourser 120 euros pour un kilo de chocolat ? R\u00e9ponse avec l\u2019un des meilleurs p\u00e2tissiers-chocolatiers fran\u00e7ais, reconnu dans le monde entier : Jacques G\u00e9nin.<\/p>\n<p style=\"text-align: justify;\">Enfin, comme toujours dans cette \u00e9mission, Marie-Sophie met un coup de projecteur sur ceux qui r\u00e9volutionnent nos habitudes de consommation. Ancien concepteur d\u2019aliment pour la grande distribution, le chocolatier Fr\u00e9d\u00e9ric\u00a0Marr a fait du cacao le fer de lance de la lutte contre le grand capital et la mal-bouffe gr\u00e2ce \u00e0 son chocolat cru. Des paris risqu\u00e9s mais passionnants !<\/p>\n<p><span style=\"color: #ffffff;\">.<\/span><\/p>\n<p>Au sommaire :<\/p>\n<ul>\n<li>Les nouvelles strat\u00e9gies du leader fran\u00e7ais<\/li>\n<li>Nouveau m\u00e9tier, nouveau business : chocologue<\/li>\n<li>La course aux r\u00e9compenses<\/li>\n<li>La naissance d&#8217;un nouvel art<\/li>\n<\/ul>\n<p><span style=\"color: #ffffff;\">.<\/span><\/p>\n<p><strong>Session de rattrapage<\/strong> : pour ceux qui auraient rat\u00e9 la diffusion, vous pouvez revoir l\u2019\u00e9mission en cliquant sur le lien : <a href=\"https:\/\/www.france.tv\/france-3\/in-situ\/446667-chocolat-la-tentation-du-luxe.html\" target=\"_blank\" rel=\"noopener noreferrer\">https:\/\/www.france.tv\/france-3\/in-situ\/446667-chocolat-la-tentation-du-luxe.html<\/a><\/p><\/blockquote>\n<p><span style=\"color: #ffffff;\">.<\/span><\/p>\n<h3>Janvier 2018<\/h3>\n<h1 style=\"text-align: center;\">Le Cercle du Chocolat<\/h1>\n<h1 style=\"text-align: center;\">vous pr\u00e9sente ses meilleurs v\u0153ux<\/h1>\n<h1 style=\"text-align: center;\">de sant\u00e9 et de s\u00e9r\u00e9nit\u00e9 pour cette nouvelle ann\u00e9e<\/h1>\n<h1 style=\"text-align: center;\">ainsi qu\u2019\u00e0 ceux qui vous sont chers<\/h1>\n<p><span style=\"color: #ffffff;\">.<\/span><\/p>\n<h3>D\u00e9cembre 2017<\/h3>\n<h1 style=\"text-align: center;\">Le Cercle du Chocolat<\/h1>\n<h1 style=\"text-align: center;\">vous souhaite de Bonnes F\u00eates<\/h1>\n<h1 style=\"text-align: center;\">entour\u00e9s de tous ceux que vous aimez<\/h1>\n<h3><img decoding=\"async\" loading=\"lazy\" class=\"alignnone size-medium wp-image-439 aligncenter\" src=\"http:\/\/lecercleduchocolat.org\/wp-content\/uploads\/2017\/12\/P\u00e8re-No\u00ebl-et-Bonhomme-de-Neige-300x225.png\" alt=\"\" width=\"300\" height=\"225\" srcset=\"https:\/\/lecercleduchocolat.org\/wp-content\/uploads\/2017\/12\/P\u00e8re-No\u00ebl-et-Bonhomme-de-Neige-300x225.png 300w, https:\/\/lecercleduchocolat.org\/wp-content\/uploads\/2017\/12\/P\u00e8re-No\u00ebl-et-Bonhomme-de-Neige.png 450w\" sizes=\"(max-width: 300px) 100vw, 300px\" \/><\/h3>\n<p><span style=\"color: #ffffff;\">.<\/span><\/p>\n<h3>28 octobre au 1<sup>er<\/sup> novembre 2017<\/h3>\n<h2 style=\"text-align: center;\">Salon du Chocolat<\/h2>\n<blockquote>\n<table cellpadding=\"5\">\n<tbody>\n<tr>\n<td style=\"width: 300px; text-align: center; vertical-align: middle;\">\n<h2><img decoding=\"async\" loading=\"lazy\" class=\"alignnone wp-image-192\" src=\"http:\/\/lecercleduchocolat.org\/wp-content\/uploads\/2017\/10\/Salon-du-chocolat-300x184.png\" alt=\"\" width=\"252\" height=\"154\" srcset=\"https:\/\/lecercleduchocolat.org\/wp-content\/uploads\/2017\/10\/Salon-du-chocolat-300x184.png 300w, https:\/\/lecercleduchocolat.org\/wp-content\/uploads\/2017\/10\/Salon-du-chocolat.png 474w\" sizes=\"(max-width: 252px) 100vw, 252px\" \/><\/h2>\n<\/td>\n<td style=\"width: 600px; text-align: justify; vertical-align: middle;\">\n<p style=\"text-align: center;\">Cette ann\u00e9e, le Salon du Chocolat de Paris aura lieu<\/p>\n<p style=\"text-align: center;\">du 28 octobre au 1<sup>er<\/sup> novembre.<\/p>\n<\/td>\n<\/tr>\n<\/tbody>\n<\/table>\n<p>Paris Expo &#8211; Porte de Versailles &#8211; Pavillon 5 &#8211; 1 place de la Porte de Versailles\u00a0&#8211; 75015 Paris<\/p>\n<p><a href=\"http:\/\/www.salon-du-chocolat.com\/\" target=\"_blank\" rel=\"noopener noreferrer\">http:\/\/www.salon-du-chocolat.com\/<\/a><\/p><\/blockquote>\n<p><span style=\"color: #ffffff;\">.<\/span><\/p>\n<h3>17 septembre 2017<\/h3>\n<blockquote>\n<table border=\"0\" cellpadding=\"5\">\n<tbody>\n<tr>\n<td style=\"width: 200px;\">\n<h3><img decoding=\"async\" loading=\"lazy\" class=\"alignnone wp-image-17\" src=\"http:\/\/lecercleduchocolat.org\/wp-content\/uploads\/2017\/09\/Naissance-LCDC-221x300.png\" alt=\"\" width=\"184\" height=\"250\" srcset=\"https:\/\/lecercleduchocolat.org\/wp-content\/uploads\/2017\/09\/Naissance-LCDC-221x300.png 221w, https:\/\/lecercleduchocolat.org\/wp-content\/uploads\/2017\/09\/Naissance-LCDC.png 242w\" sizes=\"(max-width: 184px) 100vw, 184px\" \/><\/h3>\n<\/td>\n<td style=\"width: 650px; vertical-align: middle;\">\n<h1 style=\"text-align: center;\">Naissance du club des<br \/>\ngourmets gourmands\u00a0de chocolat :<\/h1>\n<p style=\"text-align: center;\"><span style=\"color: #ffffff;\">.<\/span><\/p>\n<h1 style=\"text-align: center;\">Le Cercle du Chocolat<\/h1>\n<\/td>\n<\/tr>\n<\/tbody>\n<\/table>\n<\/blockquote>\n<p>&nbsp;<\/p>\n","protected":false},"excerpt":{"rendered":"<p>. Janvier 2024 Le Cercle du Chocolat vous pr\u00e9sente ses meilleurs v\u0153ux de sant\u00e9 et de s\u00e9r\u00e9nit\u00e9 pour cette nouvelle ann\u00e9e ainsi qu\u2019\u00e0 ceux qui vous sont chers . D\u00e9cembre 2023 Le Cercle du Chocolat vous souhaite de Bonnes F\u00eates entour\u00e9s de tous ceux que vous aimez . 28 octobre au 1er novembre 2023 Salon [&hellip;]<\/p>\n","protected":false},"author":2,"featured_media":0,"parent":0,"menu_order":50,"comment_status":"closed","ping_status":"closed","template":"","meta":{"footnotes":""},"_links":{"self":[{"href":"https:\/\/lecercleduchocolat.org\/index.php\/wp-json\/wp\/v2\/pages\/15"}],"collection":[{"href":"https:\/\/lecercleduchocolat.org\/index.php\/wp-json\/wp\/v2\/pages"}],"about":[{"href":"https:\/\/lecercleduchocolat.org\/index.php\/wp-json\/wp\/v2\/types\/page"}],"author":[{"embeddable":true,"href":"https:\/\/lecercleduchocolat.org\/index.php\/wp-json\/wp\/v2\/users\/2"}],"replies":[{"embeddable":true,"href":"https:\/\/lecercleduchocolat.org\/index.php\/wp-json\/wp\/v2\/comments?post=15"}],"version-history":[{"count":6,"href":"https:\/\/lecercleduchocolat.org\/index.php\/wp-json\/wp\/v2\/pages\/15\/revisions"}],"predecessor-version":[{"id":1379,"href":"https:\/\/lecercleduchocolat.org\/index.php\/wp-json\/wp\/v2\/pages\/15\/revisions\/1379"}],"wp:attachment":[{"href":"https:\/\/lecercleduchocolat.org\/index.php\/wp-json\/wp\/v2\/media?parent=15"}],"curies":[{"name":"wp","href":"https:\/\/api.w.org\/{rel}","templated":true}]}}