{"id":1266,"date":"2020-02-18T15:57:49","date_gmt":"2020-02-18T14:57:49","guid":{"rendered":"http:\/\/lecercleduchocolat.org\/?page_id=1266"},"modified":"2020-03-04T15:32:45","modified_gmt":"2020-03-04T14:32:45","slug":"nos-activites-en-2020","status":"publish","type":"page","link":"https:\/\/lecercleduchocolat.org\/index.php\/nos-activites-en-2020\/","title":{"rendered":"Nos Activit\u00e9s en 2020"},"content":{"rendered":"<blockquote>\n<p style=\"text-align: center;\"><a href=\"http:\/\/lecercleduchocolat.org\/index.php\/nos-chocolatiers\/\">Nos chocolatiers<\/a>\u00a0\u00a0&#8211;\u00a0 Nos Activit\u00e9s en : <a href=\"http:\/\/lecercleduchocolat.org\/index.php\/nos-activites\/\">2017<\/a> | <a href=\"http:\/\/lecercleduchocolat.org\/index.php\/nos-activites-en-2019\/nos-activites-en-2018\/\">2018<\/a> | <a href=\"http:\/\/lecercleduchocolat.org\/index.php\/nos-activites-en-2019\/\">2019<\/a><\/p>\n<\/blockquote>\n<table border=\"0\" cellpadding=\"5\" align=\"center\">\n<tbody>\n<tr>\n<td style=\"vertical-align: middle;\">\n<h6>Afin d&#8217;en savoir un peu plus sur l&#8217;activit\u00e9 pass\u00e9e (chocolats d\u00e9gust\u00e9s, lieu, photos, &#8230;), cliquez sur<\/h6>\n<\/td>\n<td><img decoding=\"async\" loading=\"lazy\" class=\"alignnone wp-image-171\" src=\"http:\/\/lecercleduchocolat.org\/wp-content\/uploads\/2017\/10\/Comment-\u00e7a-s\u2019est-pass\u00e9.gif\" alt=\"\" width=\"66\" height=\"33\" \/><\/td>\n<\/tr>\n<\/tbody>\n<\/table>\n<table border=\"0\" cellpadding=\"5\" align=\"center\">\n<tbody>\n<tr>\n<td style=\"vertical-align: middle;\">\n<h6>Si vous vous posez la question &#8220;Mais o\u00f9 \u00e7a se trouve ?&#8221;,\u00a0la r\u00e9ponse est<\/h6>\n<\/td>\n<td><img decoding=\"async\" loading=\"lazy\" class=\"alignnone wp-image-226\" src=\"http:\/\/lecercleduchocolat.org\/wp-content\/uploads\/2017\/10\/Mais-o\u00f9-\u00e7a-se-trouve.png\" alt=\"\" width=\"31\" height=\"33\" \/><\/td>\n<\/tr>\n<\/tbody>\n<\/table>\n<p><span style=\"color: #ffffff;\">.<\/span><a id=\"A20200312\"><\/a><\/p>\n<h3>Jeudi 12 mars 2020 &#8211; Chaudun<\/h3>\n<blockquote>\n<p style=\"text-align: justify;\">Nous d\u00e9gusterons les cr\u00e9ations de la <strong>Maison Chaudun<\/strong> qui a \u00e9t\u00e9 reprise il y a quelques ann\u00e9es par <strong>Gilles Marchal<\/strong>.<\/p>\n<p style=\"text-align: justify;\">Nous nous retrouverons aux : <strong>Cr\u00eapes de Louis-Marie<\/strong> qui nous accueille toujours tr\u00e8s bien et chez qui nous nous r\u00e9galons.<\/p>\n<p><span style=\"color: #ffffff;\">.<\/span><\/p>\n<table cellpadding=\"5\">\n<tbody>\n<tr>\n<td style=\"width: 40px; text-align: center; vertical-align: middle;\"><img decoding=\"async\" loading=\"lazy\" class=\"alignnone wp-image-223\" src=\"http:\/\/lecercleduchocolat.org\/wp-content\/uploads\/2017\/10\/LCDC_Chocolatiers-d\u00e9gust\u00e9s.jpg\" alt=\"\" width=\"30\" height=\"30\" \/><\/td>\n<td style=\"width: 350px; vertical-align: middle;\">Maison Chaudun<\/td>\n<td style=\"width: 100px; text-align: center; vertical-align: middle;\"><img decoding=\"async\" loading=\"lazy\" class=\"alignnone wp-image-225\" src=\"http:\/\/lecercleduchocolat.org\/wp-content\/uploads\/2017\/10\/LCDC_Lieux-de-d\u00e9gustations.gif\" alt=\"\" width=\"49\" height=\"30\" \/><\/td>\n<td style=\"width: 300px; vertical-align: middle;\"><strong>Les Cr\u00eapes de Louis-Marie<\/strong><\/td>\n<\/tr>\n<tr>\n<td style=\"width: 40px; text-align: center; vertical-align: middle;\"><a href=\"https:\/\/fr-fr.facebook.com\/maisonchaudun\/\" target=\"_blank\" rel=\"noopener noreferrer\"><img decoding=\"async\" loading=\"lazy\" class=\"alignnone wp-image-224\" src=\"http:\/\/lecercleduchocolat.org\/wp-content\/uploads\/2017\/10\/LCDC_Facebook.png\" alt=\"\" width=\"27\" height=\"30\" \/><\/a><\/td>\n<td style=\"width: 350px; vertical-align: middle;\"><a href=\"https:\/\/chaudun.com\/\" target=\"_blank\" rel=\"noopener noreferrer\">https:\/\/chaudun.com\/<\/a><\/td>\n<td style=\"width: 100px; text-align: center; vertical-align: middle;\"><a href=\"https:\/\/www.facebook.com\/lescrepesdelouismarie\/\" target=\"_blank\" rel=\"noopener noreferrer\"><img decoding=\"async\" loading=\"lazy\" class=\"alignnone wp-image-224\" src=\"http:\/\/lecercleduchocolat.org\/wp-content\/uploads\/2017\/10\/LCDC_Facebook.png\" alt=\"\" width=\"27\" height=\"30\" \/><\/a><\/td>\n<td style=\"width: 300px; vertical-align: middle;\"><strong>\u00a0<\/strong><\/td>\n<\/tr>\n<tr>\n<td style=\"width: 40px; text-align: center; vertical-align: middle;\"><a href=\"https:\/\/goo.gl\/maps\/P2Weom4yuHeazk778\" target=\"_blank\" rel=\"noopener noreferrer\"><img decoding=\"async\" loading=\"lazy\" class=\"alignnone wp-image-226\" src=\"http:\/\/lecercleduchocolat.org\/wp-content\/uploads\/2017\/10\/Mais-o\u00f9-\u00e7a-se-trouve.png\" alt=\"\" width=\"28\" height=\"30\" \/><\/a><\/td>\n<td style=\"width: 350px; vertical-align: middle;\">149 rue de l&#8217;Universit\u00e9 75007 Paris<\/td>\n<td style=\"width: 100px; text-align: center; vertical-align: middle;\"><a href=\"https:\/\/goo.gl\/maps\/8m3XMPknjng94vqs6\" target=\"_blank\" rel=\"noopener noreferrer\"><img decoding=\"async\" loading=\"lazy\" class=\"alignnone wp-image-226\" src=\"http:\/\/lecercleduchocolat.org\/wp-content\/uploads\/2017\/10\/Mais-o\u00f9-\u00e7a-se-trouve.png\" alt=\"\" width=\"28\" height=\"30\" \/><\/a><\/td>\n<td style=\"width: 300px; vertical-align: middle;\">1 rue de l&#8217;Arbal\u00e8te 75005 Paris<\/td>\n<\/tr>\n<\/tbody>\n<\/table>\n<\/blockquote>\n<p><span style=\"color: #ffffff;\">.<\/span><a id=\"A20200211\"><\/a><\/p>\n<h3>Mardi 11 f\u00e9vrier 2020 &#8211; Bernachon<\/h3>\n<blockquote>\n<div style=\"text-align: justify;\">Nous d\u00e9gusterons les cr\u00e9ations DU grand chocolatier lyonnais qui vient de s&#8217;installer \u00e0 Paris : <strong>Bernachon<\/strong>.<\/div>\n<div style=\"text-align: justify;\">Nous nous retrouverons aux : <strong>Cr\u00eapes de Louis-Marie<\/strong> qui nous accueille toujours tr\u00e8s bien et chez qui nous nous r\u00e9galons.<\/div>\n<div><span style=\"color: #ffffff;\">.<\/span><\/div>\n<div>\n<table style=\"height: 143px;\" cellpadding=\"5\">\n<tbody>\n<tr style=\"height: 36px;\">\n<td style=\"width: 34.06px; height: 36px; text-align: center; vertical-align: middle;\"><img decoding=\"async\" loading=\"lazy\" class=\"alignnone wp-image-223\" src=\"http:\/\/lecercleduchocolat.org\/wp-content\/uploads\/2017\/10\/LCDC_Chocolatiers-d\u00e9gust\u00e9s.jpg\" alt=\"\" width=\"30\" height=\"30\" \/><\/td>\n<td style=\"width: 329.71px; height: 36px; vertical-align: middle;\"><strong>Bernachon<\/strong><\/td>\n<td style=\"width: 85.16px; height: 36px; text-align: center; vertical-align: middle;\"><img decoding=\"async\" loading=\"lazy\" class=\"alignnone wp-image-225\" src=\"http:\/\/lecercleduchocolat.org\/wp-content\/uploads\/2017\/10\/LCDC_Lieux-de-d\u00e9gustations.gif\" alt=\"\" width=\"49\" height=\"30\" \/><\/td>\n<td style=\"width: 308.12px; height: 36px; vertical-align: middle;\"><strong>Les Cr\u00eapes de Louis-Marie<\/strong><\/td>\n<\/tr>\n<tr style=\"height: 35px;\">\n<td style=\"width: 34.06px; height: 35px; text-align: center; vertical-align: middle;\"><a href=\"https:\/\/fr-fr.facebook.com\/bernachonchocolats\/\" target=\"_blank\" rel=\"noopener noreferrer\"><img decoding=\"async\" loading=\"lazy\" class=\"alignnone wp-image-224\" src=\"http:\/\/lecercleduchocolat.org\/wp-content\/uploads\/2017\/10\/LCDC_Facebook.png\" alt=\"\" width=\"27\" height=\"30\" \/><\/a><\/td>\n<td style=\"width: 329.71px; height: 35px; vertical-align: middle;\"><a href=\"https:\/\/www.bernachon.com\/\" target=\"_blank\" rel=\"noopener noreferrer\">https:\/\/www.bernachon.com\/<\/a><\/td>\n<td style=\"width: 85.16px; height: 35px; text-align: center; vertical-align: middle;\"><a href=\"https:\/\/www.facebook.com\/lescrepesdelouismarie\/\" target=\"_blank\" rel=\"noopener noreferrer\"><img decoding=\"async\" loading=\"lazy\" class=\"alignnone wp-image-224\" src=\"http:\/\/lecercleduchocolat.org\/wp-content\/uploads\/2017\/10\/LCDC_Facebook.png\" alt=\"\" width=\"27\" height=\"30\" \/><\/a><\/td>\n<td style=\"width: 308.12px; height: 35px; vertical-align: middle;\"><\/td>\n<\/tr>\n<tr style=\"height: 36px;\">\n<td style=\"width: 34.06px; height: 36px; text-align: center; vertical-align: middle;\"><a href=\"https:\/\/goo.gl\/maps\/DLvesi7hZ2AJwxhQ9\" target=\"_blank\" rel=\"noopener noreferrer\"><img decoding=\"async\" loading=\"lazy\" class=\"alignnone wp-image-226\" src=\"http:\/\/lecercleduchocolat.org\/wp-content\/uploads\/2017\/10\/Mais-o\u00f9-\u00e7a-se-trouve.png\" alt=\"\" width=\"28\" height=\"30\" \/><\/a><\/td>\n<td style=\"width: 329.71px; height: 36px; vertical-align: middle;\">42 cours Franklin Roosevelt 69006 Lyon<span style=\"color: #005000;\"><br \/>\n<\/span><\/td>\n<td style=\"width: 85.16px; height: 36px; text-align: center; vertical-align: middle;\"><a href=\"https:\/\/goo.gl\/maps\/8m3XMPknjng94vqs6\" target=\"_blank\" rel=\"noopener noreferrer\"><img decoding=\"async\" loading=\"lazy\" class=\"alignnone wp-image-226\" src=\"http:\/\/lecercleduchocolat.org\/wp-content\/uploads\/2017\/10\/Mais-o\u00f9-\u00e7a-se-trouve.png\" alt=\"\" width=\"28\" height=\"30\" \/><\/a><\/td>\n<td style=\"width: 308.12px; height: 36px; vertical-align: middle;\">1 rue de l&#8217;Arbal\u00e8te 75005 Paris<\/td>\n<\/tr>\n<tr style=\"height: 36px;\">\n<td style=\"width: 34.06px; height: 36px; text-align: center; vertical-align: middle;\"><a href=\"https:\/\/g.page\/bernachon-paris?share\" target=\"_blank\" rel=\"noopener noreferrer\"><img decoding=\"async\" loading=\"lazy\" class=\"alignnone wp-image-226\" src=\"http:\/\/lecercleduchocolat.org\/wp-content\/uploads\/2017\/10\/Mais-o\u00f9-\u00e7a-se-trouve.png\" alt=\"\" width=\"28\" height=\"30\" \/><\/a><\/td>\n<td style=\"width: 329.71px; height: 36px; vertical-align: middle;\">127 rue de S\u00e8vres 75006 Paris<\/td>\n<td style=\"width: 85.16px; height: 36px; text-align: center; vertical-align: middle;\"><\/td>\n<td style=\"width: 308.12px; height: 36px; vertical-align: middle;\"><\/td>\n<\/tr>\n<\/tbody>\n<\/table>\n<\/div>\n<\/blockquote>\n<div><span style=\"color: #ffffff;\">.<\/span><a id=\"A20200123\"><\/a><\/div>\n<h3>Jeudi 23 janvier 2020 &#8211; Petite Manufacture Cluizel<\/h3>\n<blockquote>\n<p style=\"text-align: justify;\">Nous d\u00e9gusterons les cr\u00e9ations de la <strong>Petite Manufacture Cluizel<\/strong>.<\/p>\n<p style=\"text-align: justify;\">Puis nous dinerons de plats frais et bio &#8230; et bons d\u2019un petit restaurant pr\u00e8s de la Place de la Nation : <strong>La<\/strong> <strong>Petite Fabrique<\/strong> que nous connaissons bien maintenant.<\/p>\n<p><span style=\"color: #ffffff;\">.<\/span><\/p>\n<table cellpadding=\"5\">\n<tbody>\n<tr>\n<td style=\"width: 40px; text-align: center; vertical-align: middle;\"><img decoding=\"async\" loading=\"lazy\" class=\"alignnone wp-image-223\" src=\"http:\/\/lecercleduchocolat.org\/wp-content\/uploads\/2017\/10\/LCDC_Chocolatiers-d\u00e9gust\u00e9s.jpg\" alt=\"\" width=\"30\" height=\"30\" \/><\/td>\n<td style=\"width: 350px; vertical-align: middle;\"><strong>Petite Manufacture Cluizel<\/strong><\/td>\n<td style=\"width: 100px; text-align: center; vertical-align: middle;\"><img decoding=\"async\" loading=\"lazy\" class=\"alignnone wp-image-225\" src=\"http:\/\/lecercleduchocolat.org\/wp-content\/uploads\/2017\/10\/LCDC_Lieux-de-d\u00e9gustations.gif\" alt=\"\" width=\"49\" height=\"30\" \/><\/td>\n<td style=\"width: 350px; vertical-align: middle;\"><strong>La Petite Fabrique<\/strong><\/td>\n<\/tr>\n<tr>\n<td style=\"width: 40px; text-align: center; vertical-align: middle;\"><a href=\"https:\/\/fr-fr.facebook.com\/michelcluizel\/\" target=\"_blank\" rel=\"noopener noreferrer\"><img decoding=\"async\" loading=\"lazy\" class=\"alignnone wp-image-224\" src=\"http:\/\/lecercleduchocolat.org\/wp-content\/uploads\/2017\/10\/LCDC_Facebook.png\" alt=\"\" width=\"27\" height=\"30\" \/><\/a><\/td>\n<td style=\"width: 350px; vertical-align: middle;\"><a href=\"https:\/\/cluizel.com\/fr\/\" target=\"_blank\" rel=\"noopener noreferrer\">https:\/\/cluizel.com\/fr\/<\/a><\/td>\n<td style=\"width: 100px; text-align: center; vertical-align: middle;\"><a href=\"https:\/\/fr-fr.facebook.com\/lapetitefabriquerestaurant\/\" target=\"_blank\" rel=\"noopener noreferrer\"><img decoding=\"async\" loading=\"lazy\" class=\"alignnone wp-image-224\" src=\"http:\/\/lecercleduchocolat.org\/wp-content\/uploads\/2017\/10\/LCDC_Facebook.png\" alt=\"\" width=\"27\" height=\"30\" \/><\/a><\/td>\n<td style=\"width: 350px; vertical-align: middle;\"><\/td>\n<\/tr>\n<tr>\n<td style=\"width: 40px; text-align: center; vertical-align: middle;\"><a href=\"https:\/\/goo.gl\/maps\/Sus8ztZmRsmjSy3KA\" target=\"_blank\" rel=\"noopener noreferrer\"><img decoding=\"async\" loading=\"lazy\" class=\"alignnone wp-image-226\" src=\"http:\/\/lecercleduchocolat.org\/wp-content\/uploads\/2017\/10\/Mais-o\u00f9-\u00e7a-se-trouve.png\" alt=\"\" width=\"28\" height=\"30\" \/><\/a><\/td>\n<td style=\"width: 350px; vertical-align: middle;\">201 rue Saint-Honor\u00e9 75001 Paris<\/td>\n<td style=\"width: 100px; text-align: center; vertical-align: middle;\"><a href=\"https:\/\/www.google.fr\/maps\/place\/La+Petite+Fabrique,+15+Rue+des+Vignoles,+75020+Paris\/@48.852686,2.4003636,17z\/data=!4m2!3m1!1s0x47e67277bea22f4d:0x723c5f5675ed634f\" target=\"_blank\" rel=\"noopener noreferrer\"><img decoding=\"async\" loading=\"lazy\" class=\"alignnone wp-image-226\" src=\"http:\/\/lecercleduchocolat.org\/wp-content\/uploads\/2017\/10\/Mais-o\u00f9-\u00e7a-se-trouve.png\" alt=\"\" width=\"28\" height=\"30\" \/><\/a><\/td>\n<td style=\"width: 350px; vertical-align: middle;\">15 rue des Vignolles 75020 Paris<\/td>\n<\/tr>\n<tr>\n<td style=\"width: 40px; text-align: center; vertical-align: middle;\"><a href=\"https:\/\/goo.gl\/maps\/saCR9wT45VgJa3b37\" target=\"_blank\" rel=\"noopener noreferrer\"><img decoding=\"async\" loading=\"lazy\" class=\"alignnone wp-image-226\" src=\"http:\/\/lecercleduchocolat.org\/wp-content\/uploads\/2017\/10\/Mais-o\u00f9-\u00e7a-se-trouve.png\" alt=\"\" width=\"28\" height=\"30\" \/><\/a><\/td>\n<td style=\"width: 350px; vertical-align: middle;\">3 rue Tronchet 75008 Paris<\/td>\n<td style=\"width: 100px; text-align: center; vertical-align: middle;\"><\/td>\n<td style=\"width: 350px; vertical-align: middle;\"><\/td>\n<\/tr>\n<tr>\n<td style=\"width: 40px; text-align: center; vertical-align: middle;\"><a href=\"https:\/\/goo.gl\/maps\/fJyoLAgU5kBKbQHi9\" target=\"_blank\" rel=\"noopener noreferrer\"><img decoding=\"async\" loading=\"lazy\" class=\"alignnone wp-image-226\" src=\"http:\/\/lecercleduchocolat.org\/wp-content\/uploads\/2017\/10\/Mais-o\u00f9-\u00e7a-se-trouve.png\" alt=\"\" width=\"28\" height=\"30\" \/><\/a><\/td>\n<td style=\"width: 350px; vertical-align: middle;\">2 rue des Rosiers 75004 Paris<\/td>\n<td style=\"width: 100px; text-align: center; vertical-align: middle;\"><\/td>\n<td style=\"width: 350px; vertical-align: middle;\"><\/td>\n<\/tr>\n<tr>\n<td style=\"width: 40px; text-align: center; vertical-align: middle;\"><a href=\"https:\/\/goo.gl\/maps\/qf8t3hLBTZFDeo9B6\" target=\"_blank\" rel=\"noopener noreferrer\"><img decoding=\"async\" loading=\"lazy\" class=\"alignnone wp-image-226\" src=\"http:\/\/lecercleduchocolat.org\/wp-content\/uploads\/2017\/10\/Mais-o\u00f9-\u00e7a-se-trouve.png\" alt=\"\" width=\"28\" height=\"30\" \/><\/a><\/td>\n<td style=\"width: 350px; vertical-align: middle;\">3 rue des Belles Feuilles 75116 Paris<\/td>\n<td style=\"width: 100px; text-align: center; vertical-align: middle;\"><\/td>\n<td style=\"width: 350px; vertical-align: middle;\"><\/td>\n<\/tr>\n<\/tbody>\n<\/table>\n<\/blockquote>\n<p><span style=\"color: #ffffff;\">.<\/span><\/p>\n","protected":false},"excerpt":{"rendered":"<p>Nos chocolatiers\u00a0\u00a0&#8211;\u00a0 Nos Activit\u00e9s en : 2017 | 2018 | 2019 Afin d&#8217;en savoir un peu plus sur l&#8217;activit\u00e9 pass\u00e9e (chocolats d\u00e9gust\u00e9s, lieu, photos, &#8230;), cliquez sur Si vous vous posez la question &#8220;Mais o\u00f9 \u00e7a se trouve ?&#8221;,\u00a0la r\u00e9ponse est . Jeudi 12 mars 2020 &#8211; Chaudun Nous d\u00e9gusterons les cr\u00e9ations de la Maison [&hellip;]<\/p>\n","protected":false},"author":2,"featured_media":0,"parent":0,"menu_order":121,"comment_status":"closed","ping_status":"closed","template":"","meta":{"footnotes":""},"_links":{"self":[{"href":"https:\/\/lecercleduchocolat.org\/index.php\/wp-json\/wp\/v2\/pages\/1266"}],"collection":[{"href":"https:\/\/lecercleduchocolat.org\/index.php\/wp-json\/wp\/v2\/pages"}],"about":[{"href":"https:\/\/lecercleduchocolat.org\/index.php\/wp-json\/wp\/v2\/types\/page"}],"author":[{"embeddable":true,"href":"https:\/\/lecercleduchocolat.org\/index.php\/wp-json\/wp\/v2\/users\/2"}],"replies":[{"embeddable":true,"href":"https:\/\/lecercleduchocolat.org\/index.php\/wp-json\/wp\/v2\/comments?post=1266"}],"version-history":[{"count":46,"href":"https:\/\/lecercleduchocolat.org\/index.php\/wp-json\/wp\/v2\/pages\/1266\/revisions"}],"predecessor-version":[{"id":1362,"href":"https:\/\/lecercleduchocolat.org\/index.php\/wp-json\/wp\/v2\/pages\/1266\/revisions\/1362"}],"wp:attachment":[{"href":"https:\/\/lecercleduchocolat.org\/index.php\/wp-json\/wp\/v2\/media?parent=1266"}],"curies":[{"name":"wp","href":"https:\/\/api.w.org\/{rel}","templated":true}]}}