{"id":1215,"date":"2019-07-18T15:28:04","date_gmt":"2019-07-18T13:28:04","guid":{"rendered":"http:\/\/lecercleduchocolat.org\/?page_id=1215"},"modified":"2019-07-18T17:18:43","modified_gmt":"2019-07-18T15:18:43","slug":"quelles-sont-les-differentes-sortes-de-chocolats","status":"publish","type":"page","link":"https:\/\/lecercleduchocolat.org\/index.php\/le-chocolat\/quelles-sont-les-differentes-sortes-de-chocolats\/","title":{"rendered":"Quelles sont les diff\u00e9rentes sortes de chocolats ?"},"content":{"rendered":"<p>.<\/p>\n<blockquote>\n<p style=\"text-align: justify;\">Les chocolatiers cr\u00e9ent toutes sortes de merveilleuses friandises au chocolat que nous nous faisons un plaisir de d\u00e9guster.<\/p>\n<\/blockquote>\n<p>.<\/p>\n<h3>Tablette<\/h3>\n<blockquote>\n<p style=\"text-align: justify;\">a<\/p>\n<\/blockquote>\n<p>.<\/p>\n<h3>Ganache<\/h3>\n<blockquote>\n<p style=\"text-align: justify;\">a<\/p>\n<\/blockquote>\n<p>.<\/p>\n<h3>Pralin\u00e9<\/h3>\n<blockquote>\n<p style=\"text-align: justify;\">a<\/p>\n<\/blockquote>\n<p>.<\/p>\n<h3>Truffe<\/h3>\n<blockquote>\n<p style=\"text-align: justify;\">a<\/p>\n<\/blockquote>\n<p>.<\/p>\n<h3>Rocher<\/h3>\n<blockquote>\n<p style=\"text-align: justify;\">a<\/p>\n<\/blockquote>\n<p>.<\/p>\n<h3>Massepain<\/h3>\n<blockquote>\n<p style=\"text-align: justify;\">a<\/p>\n<\/blockquote>\n<p>.<\/p>\n<h3>Moulage ou sujet en chocolat<\/h3>\n<blockquote>\n<p style=\"text-align: justify;\">a<\/p>\n<\/blockquote>\n<p>.<\/p>\n<h3>Barres chocolat\u00e9es<\/h3>\n<blockquote>\n<p style=\"text-align: justify;\">a<\/p>\n<\/blockquote>\n<p>.<\/p>\n<h3>Cacao en poudre<\/h3>\n<blockquote><p>a<\/p><\/blockquote>\n<p>.<\/p>\n","protected":false},"excerpt":{"rendered":"<p>. Les chocolatiers cr\u00e9ent toutes sortes de merveilleuses friandises au chocolat que nous nous faisons un plaisir de d\u00e9guster. . Tablette a . Ganache a . Pralin\u00e9 a . Truffe a . Rocher a . Massepain a . Moulage ou sujet en chocolat a . Barres chocolat\u00e9es a . Cacao en poudre a .<\/p>\n","protected":false},"author":2,"featured_media":0,"parent":77,"menu_order":525,"comment_status":"closed","ping_status":"closed","template":"","meta":{"footnotes":""},"_links":{"self":[{"href":"https:\/\/lecercleduchocolat.org\/index.php\/wp-json\/wp\/v2\/pages\/1215"}],"collection":[{"href":"https:\/\/lecercleduchocolat.org\/index.php\/wp-json\/wp\/v2\/pages"}],"about":[{"href":"https:\/\/lecercleduchocolat.org\/index.php\/wp-json\/wp\/v2\/types\/page"}],"author":[{"embeddable":true,"href":"https:\/\/lecercleduchocolat.org\/index.php\/wp-json\/wp\/v2\/users\/2"}],"replies":[{"embeddable":true,"href":"https:\/\/lecercleduchocolat.org\/index.php\/wp-json\/wp\/v2\/comments?post=1215"}],"version-history":[{"count":0,"href":"https:\/\/lecercleduchocolat.org\/index.php\/wp-json\/wp\/v2\/pages\/1215\/revisions"}],"up":[{"embeddable":true,"href":"https:\/\/lecercleduchocolat.org\/index.php\/wp-json\/wp\/v2\/pages\/77"}],"wp:attachment":[{"href":"https:\/\/lecercleduchocolat.org\/index.php\/wp-json\/wp\/v2\/media?parent=1215"}],"curies":[{"name":"wp","href":"https:\/\/api.w.org\/{rel}","templated":true}]}}