{"id":1182,"date":"2019-07-18T14:50:22","date_gmt":"2019-07-18T12:50:22","guid":{"rendered":"http:\/\/lecercleduchocolat.org\/?page_id=1182"},"modified":"2020-03-04T15:58:13","modified_gmt":"2020-03-04T14:58:13","slug":"bean-to-bar-cest-quoi-ca","status":"publish","type":"page","link":"https:\/\/lecercleduchocolat.org\/index.php\/le-chocolat\/bean-to-bar-cest-quoi-ca\/","title":{"rendered":"Bean to Bar, c&#8217;est quoi \u00e7a ?"},"content":{"rendered":"<p><span style=\"color: #ffffff;\">.<\/span><\/p>\n<blockquote>\n<p style=\"text-align: justify;\">Nous l&#8217;avons vu dans nos pages &#8220;<a href=\"http:\/\/lecercleduchocolat.org\/index.php\/le-chocolat\/les-tablettes-poussent-elles-sur-des-arbres\/\">Les tablettes poussent-elles sur des arbres ?<\/a>&#8221; et &#8220;<a href=\"http:\/\/lecercleduchocolat.org\/index.php\/le-chocolat\/de-la-feve-a-votre-bouche\/\">De la f\u00e8ve \u00e0 votre bouche<\/a>&#8220;, la fabrication du chocolat passe par un certain nombre d&#8217;\u00e9tapes. Celles-ci sont couvertes par diff\u00e9rents m\u00e9tiers du chocolat que nous allons d\u00e9tailler maintenant.<\/p>\n<\/blockquote>\n<p><span style=\"color: #ffffff;\">.<\/span><\/p>\n<h3>Producteur ou planteur<\/h3>\n<blockquote>\n<p style=\"text-align: justify;\">Le producteur poss\u00e8de une plantation de cacao. Il existe aussi des coop\u00e9ratives o\u00f9 se regroupent plusieurs petits producteurs.<\/p>\n<p style=\"text-align: justify;\">Au sein de la plantation, travaillent les cueilleurs.<\/p>\n<p style=\"text-align: justify;\">Le producteur va cultiver les cacaoyers puis r\u00e9aliser les \u00e9tapes de r\u00e9colte, d&#8217;\u00e9cabossage, de fermentation et de s\u00e9chage.<\/p>\n<\/blockquote>\n<p><span style=\"color: #ffffff;\">.<\/span><\/p>\n<h3>Acheteur<\/h3>\n<blockquote>\n<p style=\"text-align: justify;\">L&#8217;acheteur va aller dans les diff\u00e9rentes plantations pour rencontrer les producteurs et choisir les f\u00e8ves qu&#8217;ils enverra soit au couverturier, soit \u00e0 l&#8217;industriel du chocolat.<\/p>\n<\/blockquote>\n<p><span style=\"color: #ffffff;\">.<\/span><\/p>\n<h3>Couverturier<\/h3>\n<blockquote>\n<p style=\"text-align: justify;\">Le couverturier va s&#8217;occuper des \u00e9tapes de concassage, tamisage, torr\u00e9faction, premier broyage, affinage, malaxage, deuxi\u00e8me broyage et conchage.<\/p>\n<p style=\"text-align: justify;\">On peut citer parmi les couverturiers les plus connus : <a href=\"https:\/\/fr.valrhona.com\/\" target=\"_blank\" rel=\"noopener noreferrer\">Valrhona<\/a>, <a href=\"https:\/\/www.barry-callebaut.com\/fr-FR\" target=\"_blank\" rel=\"noopener noreferrer\">Barry Callebaut<\/a>, <a href=\"http:\/\/www.chocolat-weiss.fr\/\" target=\"_blank\" rel=\"noopener noreferrer\">Weiss<\/a>, <a href=\"https:\/\/www.chocolats-pralus.com\/\" target=\"_blank\" rel=\"noopener noreferrer\">Pralus<\/a>,\u00a0<a href=\"http:\/\/www.cluizel.com\/fr\/\" target=\"_blank\" rel=\"noopener noreferrer\">Michel Cluizel<\/a>,\u00a0<a href=\"https:\/\/www.chocolateriedelopera.com\/\" target=\"_blank\" rel=\"noopener noreferrer\">Chocolaterie de l\u2019Op\u00e9ra<\/a>, le <a href=\"https:\/\/www.cemoi.fr\/\" target=\"_blank\" rel=\"noopener noreferrer\">groupe C\u00e9moi<\/a>, &#8230;<\/p>\n<p style=\"text-align: justify;\">Certains (la plupart !) des couverturiers fabriquent aussi des tablettes et des bonbons de chocolats.<\/p>\n<\/blockquote>\n<p><span style=\"color: #ffffff;\">.<\/span><\/p>\n<h3>Chocolatier artisanal<\/h3>\n<blockquote>\n<p style=\"text-align: justify;\">Le chocolatier artisanal ach\u00e8te son chocolat de couverture chez le couverturier et va se charger des \u00e9tapes de temp\u00e9rage, moulage et enrobage. Il va fabriquer des tablettes et des bonbons de chocolats (ganaches, pralin\u00e9s, truffes, &#8230;) mais aussi des sujets en chocolat (pour P\u00e2ques par exemple).<\/p>\n<p style=\"text-align: justify;\">Voir notre page &#8220;<a href=\"http:\/\/lecercleduchocolat.org\/index.php\/le-chocolat\/quelles-sont-les-differentes-sortes-de-chocolats\/\">Quelles sont les diff\u00e9rentes sortes de chocolats ?<\/a>&#8220;<\/p>\n<\/blockquote>\n<p><span style=\"color: #ffffff;\">.<\/span><\/p>\n<h3>Industriel du chocolat<\/h3>\n<blockquote>\n<p style=\"text-align: justify;\">L&#8217;industriel du chocolat va regrouper les m\u00e9tiers de couverturier et de chocolatier. Il peut avoir ses propres acheteurs.<\/p>\n<\/blockquote>\n<p><span style=\"color: #ffffff;\">.<\/span><\/p>\n<h3 style=\"text-align: justify;\">La question \u00e9tait : Bean to Bar, c&#8217;est quoi \u00e7a ?<\/h3>\n<blockquote>\n<p style=\"text-align: justify;\">La r\u00e9ponse est : Bean to Bar veut dire de la f\u00e8ve \u00e0 la tablette.<\/p>\n<p style=\"text-align: justify;\">Les chocolatiers artisanaux qui font du <em>Bean to Bar<\/em> ne passent pas par un couverturier mais ach\u00e8tent leurs f\u00e8ves directement \u00e0 un producteur ou un acheteur. Cela demande un mat\u00e9riel sp\u00e9cifique et du temps pour arriver \u00e0 un chocolat optimum car le m\u00e9tier de couverturier est vraiment diff\u00e9rent.<\/p>\n<\/blockquote>\n<p><span style=\"color: #ffffff;\">.<\/span><\/p>\n","protected":false},"excerpt":{"rendered":"<p>. Nous l&#8217;avons vu dans nos pages &#8220;Les tablettes poussent-elles sur des arbres ?&#8221; et &#8220;De la f\u00e8ve \u00e0 votre bouche&#8220;, la fabrication du chocolat passe par un certain nombre d&#8217;\u00e9tapes. Celles-ci sont couvertes par diff\u00e9rents m\u00e9tiers du chocolat que nous allons d\u00e9tailler maintenant. . Producteur ou planteur Le producteur poss\u00e8de une plantation de cacao. [&hellip;]<\/p>\n","protected":false},"author":2,"featured_media":0,"parent":77,"menu_order":535,"comment_status":"closed","ping_status":"closed","template":"","meta":{"footnotes":""},"_links":{"self":[{"href":"https:\/\/lecercleduchocolat.org\/index.php\/wp-json\/wp\/v2\/pages\/1182"}],"collection":[{"href":"https:\/\/lecercleduchocolat.org\/index.php\/wp-json\/wp\/v2\/pages"}],"about":[{"href":"https:\/\/lecercleduchocolat.org\/index.php\/wp-json\/wp\/v2\/types\/page"}],"author":[{"embeddable":true,"href":"https:\/\/lecercleduchocolat.org\/index.php\/wp-json\/wp\/v2\/users\/2"}],"replies":[{"embeddable":true,"href":"https:\/\/lecercleduchocolat.org\/index.php\/wp-json\/wp\/v2\/comments?post=1182"}],"version-history":[{"count":1,"href":"https:\/\/lecercleduchocolat.org\/index.php\/wp-json\/wp\/v2\/pages\/1182\/revisions"}],"predecessor-version":[{"id":1369,"href":"https:\/\/lecercleduchocolat.org\/index.php\/wp-json\/wp\/v2\/pages\/1182\/revisions\/1369"}],"up":[{"embeddable":true,"href":"https:\/\/lecercleduchocolat.org\/index.php\/wp-json\/wp\/v2\/pages\/77"}],"wp:attachment":[{"href":"https:\/\/lecercleduchocolat.org\/index.php\/wp-json\/wp\/v2\/media?parent=1182"}],"curies":[{"name":"wp","href":"https:\/\/api.w.org\/{rel}","templated":true}]}}